{"id":924,"date":"2022-03-29T12:38:07","date_gmt":"2022-03-29T10:38:07","guid":{"rendered":"https:\/\/www.sviluppoarea38.it\/cookie-richtlinie"},"modified":"2022-04-27T10:28:37","modified_gmt":"2022-04-27T08:28:37","slug":"cookie-policy","status":"publish","type":"page","link":"https:\/\/garniroberta.com\/de\/cookie-policy","title":{"rendered":"Cookie-Richtlinie"},"content":{"rendered":"\n<p><strong>INFORMATIONEN VERWALTUNG UND WIDERRUF DER ZUSTIMMUNGEN<\/strong><strong><\/strong><\/p>\n\n\n\n<p><strong>INHABER DER VERARBEITUNG<br><\/strong>HOTEL GARNI&#8216; ROBERTA mit Rechts- und Gesch\u00e4ftssitz in loc. Malga Ciapela, 68 \u2013 Rocca Pietore (BL) 32020<\/p>\n\n\n\n<p><strong>KONTAKTDATEN:<br><\/strong>Tel: +39 0437 522980<br>E-Mail: info@garniroberta.com<\/p>\n\n\n\n<p><strong>WAS SIND COOKIES UND WOZU DIENEN SIE?<\/strong><br>Cookies sind Textinformationen, die von der Webseite von HOTEL GARNI&#8216; ROBERTA oder anderen Webseiten oder sonstigen Webservices (sog. Drittanbieter-Webseiten) platziert und \u00fcber den Browser im Ger\u00e4t gespeichert werden (PC, Smartphone oder Tablet), \u00fcber das der Nutzer die Webseite aufruft, um das Ger\u00e4t zu identifizieren und zu erkennen.<\/p>\n\n\n\n<p>Cookies werden verwendet, um die korrekte Nutzung der Inhalte der besuchten Webseite zu erm\u00f6glichen, k\u00f6nnen aber auch mit vorheriger Zustimmung des Nutzers verwendet werden, um das f\u00fcr statistische oder werbespezifische Surfverhalten zu verfolgen. Einige Cookies werden beim Schlie\u00dfen der Seite gel\u00f6scht (\u201eSitzungscookies\u201d), andere hingegen bleiben, je nach der von deren Herstellern festgelegten Zeitvorgabe unterschiedlich lange gespeichert (\u201ePersistent-Cookies\u201d).<\/p>\n\n\n\n<p><strong>WELCHE ART VON COOKIES UND ZU WELCHEM ZWECK WERDEN SIE AUF DIESER WEBSEITE VERWENDET?<\/strong><\/p>\n\n\n\n<p>Auf unserer Webseite werden diverse Cookiearten verwendet, von denen jede ihre ganz spezielle Funktion hat; hier die Kategorien wie in der Tabelle unten angegeben<\/p>\n\n\n\n<p><strong>TECHNISCHE COOKIES (es ist keine Zustimmung erforderlich)<br><\/strong>Sind erforderlich, um die Navigation auf der Webseite zu erm\u00f6glichen, und zu diesem Zweck werden die vom Nutzer angegebenen Pr\u00e4ferenzen zum Beispiel in Hinblick auf grafische Einstellung und Sprache, Anmeldung und die f\u00fcr die Datenverarbeitung gegebenen Zustimmungen gespeichert. Sie sind ebenso f\u00fcr die Erbringung der vom Nutzer gew\u00fcnschten Serviceleistungen erforderlich.<br>Mit dieser Kategorie von Cookies k\u00f6nnen der Inhaber und Drittanbieter aggregierte, anonyme Informationen \u00fcber die Nutzung und Interaktion mit der Webseite sammeln (z.B. Anzahl der Zugriffe und Verweildauer, meist besuchte Seiten, f\u00fcr den Zugriff verwendete Ger\u00e4te, Herkunftsgebiet) und Statistiken erstellen &#8211; auch \u00fcber die andere Dom\u00e4nen, Webseiten oder mobile Anwendungen betreffenden Daten, die auf jeden Fall auf den Inhaber zur\u00fcckzuf\u00fchren sind -, um deren Inhalte zu verbessern.<\/p>\n\n\n\n<p><strong>ANALYSE-COOKIES (werden nur mit Zustimmung installiert)<\/strong><br>Werden vom Inhaber der Webseite und nicht von Drittanbietern, wie z.B. Google Analytics, verwaltet, um aggregierte statistische Analysen \u00fcber die Nutzung und die Interaktion des Nutzers mit der Webseite auszuarbeiten und dem Inhaber bereitzustellen. Mit diesen Cookies kann<br>der Nutzer identifiziert werden.<strong><\/strong><\/p>\n\n\n\n<p><strong>PROFILING-COOKIES (werden nur mit Zustimmung installiert)<\/strong><br>Werden normalerweise von Drittunternehmen verwendet, um Informationen \u00fcber die Surfpr\u00e4ferenzen des Nutzers zu sammeln und Zusammenfassungen auszuarbeiten, die f\u00fcr gezielte Werbe- und Marketingkampagnen verwendet werden, deren Inhalt je nach Pr\u00e4ferenzen auch auf anderen Webseiten angezeigt werden kann. Durch die Verwendung dieser Cookies kann der Nutzer auch \u00fcber den ID und Codes identifiziert werden, die aus der Konfiguration der benutzten Ger\u00e4te abzuleiten sind, und k\u00f6nnen auf ihn spezielle Handlungen oder Verhaltensmuster zur\u00fcckgef\u00fchrt werden.<\/p>\n\n\n\n<p><strong>VERWALTUNG UND WIDERRUF DER ZUSTIMMUNG ZU COOKIES<\/strong><\/p>\n\n\n\n<p>Es wird auch darauf hingewiesen, dass der Nutzer die zur Verwendung der Cookies gegebene Zustimmung widerrufen \u2013 g\u00fcltig ausschlie\u00dflich f\u00fcr die Webseite <strong>garniroberta.com<\/strong> bzw. die in jedem beliebigen Moment ge\u00e4u\u00dferten Pr\u00e4ferenzen verwalten kann. F\u00fcr weitere Informationen hinsichtlich der \u00fcber die Webseite verarbeiteten personenbezogenen Daten wird der Nutzer gebeten, im Dokument <strong><a href=\"https:\/\/garniroberta.com\/de\/privacy-policy\">Privacy Policy<\/a><\/strong> nachzulesen, indem er den jeweiligen Link anklickt.<\/p>\n\n\n\n<div id=\"cookiebot_policy\">\r\n    <script id=\"CookieDeclaration\" src=\"https:\/\/consent.cookiebot.com\/e0e579b8-cfbe-4faa-90fc-a9db932e1308\/cd.js\" type=\"text\/javascript\" async><\/script>\r\n<\/div>\n\n\n\n<h3 class=\"wp-block-heading\">Wie kann ich Cookies direkt \u00fcber den Browser dauerhaft deaktivieren?<\/h3>\n\n\n\n<p>Der Nutzer kann die Pr\u00e4ferenzen des verwendeten Browsers so einstellen, dass dauerhaft (bis zu einer unterschiedlichen Konfiguration) die folgenden Links zur Aktivierung dieser Funktionen deaktiviert werden:<\/p>\n\n\n\n<p>Internet Explorer: <a href=\"http:\/\/windows.microsoft.com\/it-it\/windows7\/block-enable-or-allow-cookies\" target=\"_blank\" rel=\"noreferrer noopener\">http:\/\/windows.microsoft.com\/it-it\/windows7\/block-enable-or-allow-cookies<\/a><\/p>\n\n\n\n<p>Google Chrome: <a href=\"https:\/\/support.google.com\/chrome\/answer\/95647?hl=it-IT&amp;hlrm=fr&amp;hlrm=en\" target=\"_blank\" rel=\"noreferrer noopener\">https:\/\/support.google.com\/chrome\/answer\/95647?hl=it-IT&amp;hlrm=fr&amp;hlrm=en<\/a><\/p>\n\n\n\n<p>Mozilla Firefox: <a href=\"http:\/\/support.mozilla.org\/it-IT\/kb\/enable-and-disable-cookies-website-preferences\" target=\"_blank\" rel=\"noreferrer noopener\">http:\/\/support.mozilla.org\/it-IT\/kb\/enable-and-disable-cookies-website-preferences<\/a><\/p>\n\n\n\n<p>Apple Safari: <a href=\"https:\/\/support.apple.com\/guide\/safari\/manage-cookies-and-website-data-sfri11471\/mac\" target=\"_blank\" rel=\"noreferrer noopener\">https:\/\/support.apple.com\/guide\/safari\/manage-cookies-and-website-data-sfri11471\/mac<\/a> F\u00fcr n\u00e4here allgemeine Informationen hinsichtlich der Funktionsweise der Cookies und des Cooking-Profilings k\u00f6nnen Sie die Webseite EDAA (European Interactive Digital Advertising Alliance) unter folgender Adresse <a href=\"http:\/\/www.youronlinechoices.com\/it\/\" target=\"_blank\" rel=\"noreferrer noopener\">http:\/\/www.youronlinechoices.com\/it\/<\/a> besuchen.<\/p>\n","protected":false},"excerpt":{"rendered":"<p>INFORMATIONEN VERWALTUNG UND WIDERRUF DER ZUSTIMMUNGEN INHABER DER VERARBEITUNGHOTEL GARNI&#8216; ROBERTA mit Rechts- und Gesch\u00e4ftssitz in loc. Malga Ciapela, 68 \u2013 Rocca Pietore (BL) 32020 KONTAKTDATEN:Tel: +39 0437 522980E-Mail: info@garniroberta.com WAS SIND COOKIES UND WOZU DIENEN SIE?Cookies sind Textinformationen, die von der Webseite von HOTEL GARNI&#8216; ROBERTA oder anderen Webseiten oder sonstigen Webservices (sog. Drittanbieter-Webseiten) &hellip;<\/p>\n","protected":false},"author":1,"featured_media":0,"parent":0,"menu_order":0,"comment_status":"closed","ping_status":"closed","template":"","meta":{"_acf_changed":false,"inline_featured_image":false,"footnotes":""},"class_list":["post-924","page","type-page","status-publish","hentry"],"acf":[],"yoast_head":"<!-- This site is optimized with the Yoast SEO plugin v27.3 - https:\/\/yoast.com\/product\/yoast-seo-wordpress\/ -->\n<title>Cookie-Richtlinie - Hotel Garn\u00ec Roberta<\/title>\n<meta name=\"robots\" content=\"noindex, nofollow\" \/>\n<meta property=\"og:locale\" content=\"de_DE\" \/>\n<meta property=\"og:type\" content=\"article\" \/>\n<meta property=\"og:title\" content=\"Cookie-Richtlinie - Hotel Garn\u00ec Roberta\" \/>\n<meta property=\"og:description\" content=\"INFORMATIONEN VERWALTUNG UND WIDERRUF DER ZUSTIMMUNGEN INHABER DER VERARBEITUNGHOTEL GARNI&#8216; ROBERTA mit Rechts- und Gesch\u00e4ftssitz in loc. Malga Ciapela, 68 \u2013 Rocca Pietore (BL) 32020 KONTAKTDATEN:Tel: +39 0437 522980E-Mail: info@garniroberta.com WAS SIND COOKIES UND WOZU DIENEN SIE?Cookies sind Textinformationen, die von der Webseite von HOTEL GARNI&#8216; ROBERTA oder anderen Webseiten oder sonstigen Webservices (sog. Drittanbieter-Webseiten) &hellip;\" \/>\n<meta property=\"og:url\" content=\"https:\/\/garniroberta.com\/de\/cookie-policy\" \/>\n<meta property=\"og:site_name\" content=\"Hotel Garn\u00ec Roberta\" \/>\n<meta property=\"article:modified_time\" content=\"2022-04-27T08:28:37+00:00\" \/>\n<meta name=\"twitter:card\" content=\"summary_large_image\" \/>\n<meta name=\"twitter:label1\" content=\"Gesch\u00e4tzte Lesezeit\" \/>\n\t<meta name=\"twitter:data1\" content=\"4\u00a0Minuten\" \/>\n<script type=\"application\/ld+json\" class=\"yoast-schema-graph\">{\"@context\":\"https:\\\/\\\/schema.org\",\"@graph\":[{\"@type\":\"WebPage\",\"@id\":\"https:\\\/\\\/garniroberta.com\\\/de\\\/cookie-policy\",\"url\":\"https:\\\/\\\/garniroberta.com\\\/de\\\/cookie-policy\",\"name\":\"Cookie-Richtlinie - Hotel Garn\u00ec Roberta\",\"isPartOf\":{\"@id\":\"https:\\\/\\\/garniroberta.com\\\/#website\"},\"datePublished\":\"2022-03-29T10:38:07+00:00\",\"dateModified\":\"2022-04-27T08:28:37+00:00\",\"breadcrumb\":{\"@id\":\"https:\\\/\\\/garniroberta.com\\\/de\\\/cookie-policy#breadcrumb\"},\"inLanguage\":\"de\",\"potentialAction\":[{\"@type\":\"ReadAction\",\"target\":[\"https:\\\/\\\/garniroberta.com\\\/de\\\/cookie-policy\"]}]},{\"@type\":\"BreadcrumbList\",\"@id\":\"https:\\\/\\\/garniroberta.com\\\/de\\\/cookie-policy#breadcrumb\",\"itemListElement\":[{\"@type\":\"ListItem\",\"position\":1,\"name\":\"Home\",\"item\":\"https:\\\/\\\/garniroberta.com\\\/de\"},{\"@type\":\"ListItem\",\"position\":2,\"name\":\"Cookie-Richtlinie\"}]},{\"@type\":\"WebSite\",\"@id\":\"https:\\\/\\\/garniroberta.com\\\/#website\",\"url\":\"https:\\\/\\\/garniroberta.com\\\/\",\"name\":\"Hotel Garn\u00ec Roberta\",\"description\":\"\",\"publisher\":{\"@id\":\"https:\\\/\\\/garniroberta.com\\\/#organization\"},\"potentialAction\":[{\"@type\":\"SearchAction\",\"target\":{\"@type\":\"EntryPoint\",\"urlTemplate\":\"https:\\\/\\\/garniroberta.com\\\/?s={search_term_string}\"},\"query-input\":{\"@type\":\"PropertyValueSpecification\",\"valueRequired\":true,\"valueName\":\"search_term_string\"}}],\"inLanguage\":\"de\"},{\"@type\":\"Organization\",\"@id\":\"https:\\\/\\\/garniroberta.com\\\/#organization\",\"name\":\"Hotel Garn\u00ec Roberta\",\"url\":\"https:\\\/\\\/garniroberta.com\\\/\",\"logo\":{\"@type\":\"ImageObject\",\"inLanguage\":\"de\",\"@id\":\"https:\\\/\\\/garniroberta.com\\\/#\\\/schema\\\/logo\\\/image\\\/\",\"url\":\"https:\\\/\\\/garniroberta.com\\\/wp-content\\\/uploads\\\/2022\\\/03\\\/logo.png\",\"contentUrl\":\"https:\\\/\\\/garniroberta.com\\\/wp-content\\\/uploads\\\/2022\\\/03\\\/logo.png\",\"width\":230,\"height\":130,\"caption\":\"Hotel Garn\u00ec Roberta\"},\"image\":{\"@id\":\"https:\\\/\\\/garniroberta.com\\\/#\\\/schema\\\/logo\\\/image\\\/\"}}]}<\/script>\n<!-- \/ Yoast SEO plugin. -->","yoast_head_json":{"title":"Cookie-Richtlinie - Hotel Garn\u00ec Roberta","robots":{"index":"noindex","follow":"nofollow"},"og_locale":"de_DE","og_type":"article","og_title":"Cookie-Richtlinie - Hotel Garn\u00ec Roberta","og_description":"INFORMATIONEN VERWALTUNG UND WIDERRUF DER ZUSTIMMUNGEN INHABER DER VERARBEITUNGHOTEL GARNI&#8216; ROBERTA mit Rechts- und Gesch\u00e4ftssitz in loc. Malga Ciapela, 68 \u2013 Rocca Pietore (BL) 32020 KONTAKTDATEN:Tel: +39 0437 522980E-Mail: info@garniroberta.com WAS SIND COOKIES UND WOZU DIENEN SIE?Cookies sind Textinformationen, die von der Webseite von HOTEL GARNI&#8216; ROBERTA oder anderen Webseiten oder sonstigen Webservices (sog. Drittanbieter-Webseiten) &hellip;","og_url":"https:\/\/garniroberta.com\/de\/cookie-policy","og_site_name":"Hotel Garn\u00ec Roberta","article_modified_time":"2022-04-27T08:28:37+00:00","twitter_card":"summary_large_image","twitter_misc":{"Gesch\u00e4tzte Lesezeit":"4\u00a0Minuten"},"schema":{"@context":"https:\/\/schema.org","@graph":[{"@type":"WebPage","@id":"https:\/\/garniroberta.com\/de\/cookie-policy","url":"https:\/\/garniroberta.com\/de\/cookie-policy","name":"Cookie-Richtlinie - Hotel Garn\u00ec Roberta","isPartOf":{"@id":"https:\/\/garniroberta.com\/#website"},"datePublished":"2022-03-29T10:38:07+00:00","dateModified":"2022-04-27T08:28:37+00:00","breadcrumb":{"@id":"https:\/\/garniroberta.com\/de\/cookie-policy#breadcrumb"},"inLanguage":"de","potentialAction":[{"@type":"ReadAction","target":["https:\/\/garniroberta.com\/de\/cookie-policy"]}]},{"@type":"BreadcrumbList","@id":"https:\/\/garniroberta.com\/de\/cookie-policy#breadcrumb","itemListElement":[{"@type":"ListItem","position":1,"name":"Home","item":"https:\/\/garniroberta.com\/de"},{"@type":"ListItem","position":2,"name":"Cookie-Richtlinie"}]},{"@type":"WebSite","@id":"https:\/\/garniroberta.com\/#website","url":"https:\/\/garniroberta.com\/","name":"Hotel Garn\u00ec Roberta","description":"","publisher":{"@id":"https:\/\/garniroberta.com\/#organization"},"potentialAction":[{"@type":"SearchAction","target":{"@type":"EntryPoint","urlTemplate":"https:\/\/garniroberta.com\/?s={search_term_string}"},"query-input":{"@type":"PropertyValueSpecification","valueRequired":true,"valueName":"search_term_string"}}],"inLanguage":"de"},{"@type":"Organization","@id":"https:\/\/garniroberta.com\/#organization","name":"Hotel Garn\u00ec Roberta","url":"https:\/\/garniroberta.com\/","logo":{"@type":"ImageObject","inLanguage":"de","@id":"https:\/\/garniroberta.com\/#\/schema\/logo\/image\/","url":"https:\/\/garniroberta.com\/wp-content\/uploads\/2022\/03\/logo.png","contentUrl":"https:\/\/garniroberta.com\/wp-content\/uploads\/2022\/03\/logo.png","width":230,"height":130,"caption":"Hotel Garn\u00ec Roberta"},"image":{"@id":"https:\/\/garniroberta.com\/#\/schema\/logo\/image\/"}}]}},"_links":{"self":[{"href":"https:\/\/garniroberta.com\/de\/wp-json\/wp\/v2\/pages\/924","targetHints":{"allow":["GET"]}}],"collection":[{"href":"https:\/\/garniroberta.com\/de\/wp-json\/wp\/v2\/pages"}],"about":[{"href":"https:\/\/garniroberta.com\/de\/wp-json\/wp\/v2\/types\/page"}],"author":[{"embeddable":true,"href":"https:\/\/garniroberta.com\/de\/wp-json\/wp\/v2\/users\/1"}],"replies":[{"embeddable":true,"href":"https:\/\/garniroberta.com\/de\/wp-json\/wp\/v2\/comments?post=924"}],"version-history":[{"count":3,"href":"https:\/\/garniroberta.com\/de\/wp-json\/wp\/v2\/pages\/924\/revisions"}],"predecessor-version":[{"id":1012,"href":"https:\/\/garniroberta.com\/de\/wp-json\/wp\/v2\/pages\/924\/revisions\/1012"}],"wp:attachment":[{"href":"https:\/\/garniroberta.com\/de\/wp-json\/wp\/v2\/media?parent=924"}],"curies":[{"name":"wp","href":"https:\/\/api.w.org\/{rel}","templated":true}]}}