{"id":922,"date":"2022-03-29T12:38:06","date_gmt":"2022-03-29T10:38:06","guid":{"rendered":"https:\/\/www.sviluppoarea38.it\/angebot"},"modified":"2023-08-31T14:56:20","modified_gmt":"2023-08-31T12:56:20","slug":"angebot","status":"publish","type":"page","link":"https:\/\/garniroberta.com\/de\/angebot","title":{"rendered":"Angebot"},"content":{"rendered":"\n<p>Wissen Sie, warum <b>ein Angebot bei uns mehr wert ist<\/b>? Denn (neben der au\u00dfergew\u00f6hnlichen Aussicht!) <b>garantieren<\/b> wir Ihnen:<\/p>\n","protected":false},"excerpt":{"rendered":"<p>Wissen Sie, warum ein Angebot bei uns mehr wert ist? Denn (neben der au\u00dfergew\u00f6hnlichen Aussicht!) garantieren wir Ihnen:<\/p>\n","protected":false},"author":1,"featured_media":0,"parent":0,"menu_order":0,"comment_status":"closed","ping_status":"closed","template":"page-templates\/pagina_preventivo.php","meta":{"_acf_changed":false,"inline_featured_image":false,"footnotes":""},"class_list":["post-922","page","type-page","status-publish","hentry"],"acf":[],"yoast_head":"<!-- This site is optimized with the Yoast SEO plugin v27.4 - https:\/\/yoast.com\/product\/yoast-seo-wordpress\/ -->\n<title>Angebot f\u00fcr Ihren Urlaub in der Marmolada Dolomiten<\/title>\n<meta name=\"description\" content=\"Fordern Sie ein kostenloses Angebot f\u00fcr Ihren n\u00e4chsten Urlaub am Fu\u00dfe der Marmolada an! Schnelle Antwort und bester Preis\" \/>\n<meta name=\"robots\" content=\"index, follow, max-snippet:-1, max-image-preview:large, max-video-preview:-1\" \/>\n<link rel=\"canonical\" href=\"https:\/\/garniroberta.com\/de\/angebot\" \/>\n<meta property=\"og:locale\" content=\"de_DE\" \/>\n<meta property=\"og:type\" content=\"article\" \/>\n<meta property=\"og:title\" content=\"Angebot f\u00fcr Ihren Urlaub in der Marmolada Dolomiten\" \/>\n<meta property=\"og:description\" content=\"Fordern Sie ein kostenloses Angebot f\u00fcr Ihren n\u00e4chsten Urlaub am Fu\u00dfe der Marmolada an! Schnelle Antwort und bester Preis\" \/>\n<meta property=\"og:url\" content=\"https:\/\/garniroberta.com\/de\/angebot\" \/>\n<meta property=\"og:site_name\" content=\"Hotel Garn\u00ec Roberta\" \/>\n<meta property=\"article:modified_time\" content=\"2023-08-31T12:56:20+00:00\" \/>\n<meta name=\"twitter:card\" content=\"summary_large_image\" \/>\n<meta name=\"twitter:label1\" content=\"Gesch\u00e4tzte Lesezeit\" \/>\n\t<meta name=\"twitter:data1\" content=\"1\u00a0Minute\" \/>\n<script type=\"application\/ld+json\" class=\"yoast-schema-graph\">{\"@context\":\"https:\\\/\\\/schema.org\",\"@graph\":[{\"@type\":\"WebPage\",\"@id\":\"https:\\\/\\\/garniroberta.com\\\/de\\\/angebot\",\"url\":\"https:\\\/\\\/garniroberta.com\\\/de\\\/angebot\",\"name\":\"Angebot f\u00fcr Ihren Urlaub in der Marmolada Dolomiten\",\"isPartOf\":{\"@id\":\"https:\\\/\\\/garniroberta.com\\\/#website\"},\"datePublished\":\"2022-03-29T10:38:06+00:00\",\"dateModified\":\"2023-08-31T12:56:20+00:00\",\"description\":\"Fordern Sie ein kostenloses Angebot f\u00fcr Ihren n\u00e4chsten Urlaub am Fu\u00dfe der Marmolada an! Schnelle Antwort und bester Preis\",\"breadcrumb\":{\"@id\":\"https:\\\/\\\/garniroberta.com\\\/de\\\/angebot#breadcrumb\"},\"inLanguage\":\"de\",\"potentialAction\":[{\"@type\":\"ReadAction\",\"target\":[\"https:\\\/\\\/garniroberta.com\\\/de\\\/angebot\"]}]},{\"@type\":\"BreadcrumbList\",\"@id\":\"https:\\\/\\\/garniroberta.com\\\/de\\\/angebot#breadcrumb\",\"itemListElement\":[{\"@type\":\"ListItem\",\"position\":1,\"name\":\"Home\",\"item\":\"https:\\\/\\\/garniroberta.com\\\/de\"},{\"@type\":\"ListItem\",\"position\":2,\"name\":\"Angebot\"}]},{\"@type\":\"WebSite\",\"@id\":\"https:\\\/\\\/garniroberta.com\\\/#website\",\"url\":\"https:\\\/\\\/garniroberta.com\\\/\",\"name\":\"Hotel Garn\u00ec Roberta\",\"description\":\"\",\"publisher\":{\"@id\":\"https:\\\/\\\/garniroberta.com\\\/#organization\"},\"potentialAction\":[{\"@type\":\"SearchAction\",\"target\":{\"@type\":\"EntryPoint\",\"urlTemplate\":\"https:\\\/\\\/garniroberta.com\\\/?s={search_term_string}\"},\"query-input\":{\"@type\":\"PropertyValueSpecification\",\"valueRequired\":true,\"valueName\":\"search_term_string\"}}],\"inLanguage\":\"de\"},{\"@type\":\"Organization\",\"@id\":\"https:\\\/\\\/garniroberta.com\\\/#organization\",\"name\":\"Hotel Garn\u00ec Roberta\",\"url\":\"https:\\\/\\\/garniroberta.com\\\/\",\"logo\":{\"@type\":\"ImageObject\",\"inLanguage\":\"de\",\"@id\":\"https:\\\/\\\/garniroberta.com\\\/#\\\/schema\\\/logo\\\/image\\\/\",\"url\":\"https:\\\/\\\/garniroberta.com\\\/wp-content\\\/uploads\\\/2022\\\/03\\\/logo.png\",\"contentUrl\":\"https:\\\/\\\/garniroberta.com\\\/wp-content\\\/uploads\\\/2022\\\/03\\\/logo.png\",\"width\":230,\"height\":130,\"caption\":\"Hotel Garn\u00ec Roberta\"},\"image\":{\"@id\":\"https:\\\/\\\/garniroberta.com\\\/#\\\/schema\\\/logo\\\/image\\\/\"}}]}<\/script>\n<!-- \/ Yoast SEO plugin. -->","yoast_head_json":{"title":"Angebot f\u00fcr Ihren Urlaub in der Marmolada Dolomiten","description":"Fordern Sie ein kostenloses Angebot f\u00fcr Ihren n\u00e4chsten Urlaub am Fu\u00dfe der Marmolada an! Schnelle Antwort und bester Preis","robots":{"index":"index","follow":"follow","max-snippet":"max-snippet:-1","max-image-preview":"max-image-preview:large","max-video-preview":"max-video-preview:-1"},"canonical":"https:\/\/garniroberta.com\/de\/angebot","og_locale":"de_DE","og_type":"article","og_title":"Angebot f\u00fcr Ihren Urlaub in der Marmolada Dolomiten","og_description":"Fordern Sie ein kostenloses Angebot f\u00fcr Ihren n\u00e4chsten Urlaub am Fu\u00dfe der Marmolada an! Schnelle Antwort und bester Preis","og_url":"https:\/\/garniroberta.com\/de\/angebot","og_site_name":"Hotel Garn\u00ec Roberta","article_modified_time":"2023-08-31T12:56:20+00:00","twitter_card":"summary_large_image","twitter_misc":{"Gesch\u00e4tzte Lesezeit":"1\u00a0Minute"},"schema":{"@context":"https:\/\/schema.org","@graph":[{"@type":"WebPage","@id":"https:\/\/garniroberta.com\/de\/angebot","url":"https:\/\/garniroberta.com\/de\/angebot","name":"Angebot f\u00fcr Ihren Urlaub in der Marmolada Dolomiten","isPartOf":{"@id":"https:\/\/garniroberta.com\/#website"},"datePublished":"2022-03-29T10:38:06+00:00","dateModified":"2023-08-31T12:56:20+00:00","description":"Fordern Sie ein kostenloses Angebot f\u00fcr Ihren n\u00e4chsten Urlaub am Fu\u00dfe der Marmolada an! Schnelle Antwort und bester Preis","breadcrumb":{"@id":"https:\/\/garniroberta.com\/de\/angebot#breadcrumb"},"inLanguage":"de","potentialAction":[{"@type":"ReadAction","target":["https:\/\/garniroberta.com\/de\/angebot"]}]},{"@type":"BreadcrumbList","@id":"https:\/\/garniroberta.com\/de\/angebot#breadcrumb","itemListElement":[{"@type":"ListItem","position":1,"name":"Home","item":"https:\/\/garniroberta.com\/de"},{"@type":"ListItem","position":2,"name":"Angebot"}]},{"@type":"WebSite","@id":"https:\/\/garniroberta.com\/#website","url":"https:\/\/garniroberta.com\/","name":"Hotel Garn\u00ec Roberta","description":"","publisher":{"@id":"https:\/\/garniroberta.com\/#organization"},"potentialAction":[{"@type":"SearchAction","target":{"@type":"EntryPoint","urlTemplate":"https:\/\/garniroberta.com\/?s={search_term_string}"},"query-input":{"@type":"PropertyValueSpecification","valueRequired":true,"valueName":"search_term_string"}}],"inLanguage":"de"},{"@type":"Organization","@id":"https:\/\/garniroberta.com\/#organization","name":"Hotel Garn\u00ec Roberta","url":"https:\/\/garniroberta.com\/","logo":{"@type":"ImageObject","inLanguage":"de","@id":"https:\/\/garniroberta.com\/#\/schema\/logo\/image\/","url":"https:\/\/garniroberta.com\/wp-content\/uploads\/2022\/03\/logo.png","contentUrl":"https:\/\/garniroberta.com\/wp-content\/uploads\/2022\/03\/logo.png","width":230,"height":130,"caption":"Hotel Garn\u00ec Roberta"},"image":{"@id":"https:\/\/garniroberta.com\/#\/schema\/logo\/image\/"}}]}},"_links":{"self":[{"href":"https:\/\/garniroberta.com\/de\/wp-json\/wp\/v2\/pages\/922","targetHints":{"allow":["GET"]}}],"collection":[{"href":"https:\/\/garniroberta.com\/de\/wp-json\/wp\/v2\/pages"}],"about":[{"href":"https:\/\/garniroberta.com\/de\/wp-json\/wp\/v2\/types\/page"}],"author":[{"embeddable":true,"href":"https:\/\/garniroberta.com\/de\/wp-json\/wp\/v2\/users\/1"}],"replies":[{"embeddable":true,"href":"https:\/\/garniroberta.com\/de\/wp-json\/wp\/v2\/comments?post=922"}],"version-history":[{"count":5,"href":"https:\/\/garniroberta.com\/de\/wp-json\/wp\/v2\/pages\/922\/revisions"}],"predecessor-version":[{"id":1043,"href":"https:\/\/garniroberta.com\/de\/wp-json\/wp\/v2\/pages\/922\/revisions\/1043"}],"wp:attachment":[{"href":"https:\/\/garniroberta.com\/de\/wp-json\/wp\/v2\/media?parent=922"}],"curies":[{"name":"wp","href":"https:\/\/api.w.org\/{rel}","templated":true}]}}