{"id":920,"date":"2022-03-29T12:38:05","date_gmt":"2022-03-29T10:38:05","guid":{"rendered":"https:\/\/www.sviluppoarea38.it\/angebote"},"modified":"2022-03-30T11:51:48","modified_gmt":"2022-03-30T09:51:48","slug":"angebote","status":"publish","type":"page","link":"https:\/\/garniroberta.com\/de\/angebote","title":{"rendered":"Angebote"},"content":{"rendered":"\n<p>Ein <b>Urlaub in den Belluneser Dolomiten<\/b> ist eine Kombination aus Momenten und Erlebnissen. Hier finden Sie unsere <b>besten Angebote<\/b>, um die Gegend in vollen Z\u00fcgen zu erleben und uns das Privileg zu \u00fcberlassen, Sie zu verw\u00f6hnen und zu umsorgen. Entdecken Sie die Vorschl\u00e4ge im Detail!<\/p>\n","protected":false},"excerpt":{"rendered":"<p>Ein Urlaub in den Belluneser Dolomiten ist eine Kombination aus Momenten und Erlebnissen. Hier finden Sie unsere besten Angebote, um die Gegend in vollen Z\u00fcgen zu erleben und uns das Privileg zu \u00fcberlassen, Sie zu verw\u00f6hnen und zu umsorgen. Entdecken Sie die Vorschl\u00e4ge im Detail!<\/p>\n","protected":false},"author":1,"featured_media":0,"parent":0,"menu_order":0,"comment_status":"closed","ping_status":"closed","template":"page-templates\/listing_offerte.php","meta":{"_acf_changed":false,"inline_featured_image":false,"footnotes":""},"class_list":["post-920","page","type-page","status-publish","hentry"],"acf":[],"yoast_head":"<!-- This site is optimized with the Yoast SEO plugin v27.3 - https:\/\/yoast.com\/product\/yoast-seo-wordpress\/ -->\n<title>Die besten Angebote f\u00fcr Ihren Urlaub in den italienischen Dolomiten<\/title>\n<meta name=\"description\" content=\"Nutzen Sie die Angebote, die wir f\u00fcr Sie im Hotel Garni Roberta f\u00fcr Ihren Urlaub in den Dolomiten zu allen Jahreszeiten reservieren\" \/>\n<meta name=\"robots\" content=\"index, follow, max-snippet:-1, max-image-preview:large, max-video-preview:-1\" \/>\n<link rel=\"canonical\" href=\"https:\/\/garniroberta.com\/de\/angebote\" \/>\n<meta property=\"og:locale\" content=\"de_DE\" \/>\n<meta property=\"og:type\" content=\"article\" \/>\n<meta property=\"og:title\" content=\"Die besten Angebote f\u00fcr Ihren Urlaub in den italienischen Dolomiten\" \/>\n<meta property=\"og:description\" content=\"Nutzen Sie die Angebote, die wir f\u00fcr Sie im Hotel Garni Roberta f\u00fcr Ihren Urlaub in den Dolomiten zu allen Jahreszeiten reservieren\" \/>\n<meta property=\"og:url\" content=\"https:\/\/garniroberta.com\/de\/angebote\" \/>\n<meta property=\"og:site_name\" content=\"Hotel Garn\u00ec Roberta\" \/>\n<meta property=\"article:modified_time\" content=\"2022-03-30T09:51:48+00:00\" \/>\n<meta name=\"twitter:card\" content=\"summary_large_image\" \/>\n<meta name=\"twitter:label1\" content=\"Gesch\u00e4tzte Lesezeit\" \/>\n\t<meta name=\"twitter:data1\" content=\"1\u00a0Minute\" \/>\n<script type=\"application\/ld+json\" class=\"yoast-schema-graph\">{\"@context\":\"https:\\\/\\\/schema.org\",\"@graph\":[{\"@type\":\"WebPage\",\"@id\":\"https:\\\/\\\/garniroberta.com\\\/de\\\/angebote\",\"url\":\"https:\\\/\\\/garniroberta.com\\\/de\\\/angebote\",\"name\":\"Die besten Angebote f\u00fcr Ihren Urlaub in den italienischen Dolomiten\",\"isPartOf\":{\"@id\":\"https:\\\/\\\/garniroberta.com\\\/#website\"},\"datePublished\":\"2022-03-29T10:38:05+00:00\",\"dateModified\":\"2022-03-30T09:51:48+00:00\",\"description\":\"Nutzen Sie die Angebote, die wir f\u00fcr Sie im Hotel Garni Roberta f\u00fcr Ihren Urlaub in den Dolomiten zu allen Jahreszeiten reservieren\",\"breadcrumb\":{\"@id\":\"https:\\\/\\\/garniroberta.com\\\/de\\\/angebote#breadcrumb\"},\"inLanguage\":\"de\",\"potentialAction\":[{\"@type\":\"ReadAction\",\"target\":[\"https:\\\/\\\/garniroberta.com\\\/de\\\/angebote\"]}]},{\"@type\":\"BreadcrumbList\",\"@id\":\"https:\\\/\\\/garniroberta.com\\\/de\\\/angebote#breadcrumb\",\"itemListElement\":[{\"@type\":\"ListItem\",\"position\":1,\"name\":\"Home\",\"item\":\"https:\\\/\\\/garniroberta.com\\\/de\"},{\"@type\":\"ListItem\",\"position\":2,\"name\":\"Angebote\"}]},{\"@type\":\"WebSite\",\"@id\":\"https:\\\/\\\/garniroberta.com\\\/#website\",\"url\":\"https:\\\/\\\/garniroberta.com\\\/\",\"name\":\"Hotel Garn\u00ec Roberta\",\"description\":\"\",\"publisher\":{\"@id\":\"https:\\\/\\\/garniroberta.com\\\/#organization\"},\"potentialAction\":[{\"@type\":\"SearchAction\",\"target\":{\"@type\":\"EntryPoint\",\"urlTemplate\":\"https:\\\/\\\/garniroberta.com\\\/?s={search_term_string}\"},\"query-input\":{\"@type\":\"PropertyValueSpecification\",\"valueRequired\":true,\"valueName\":\"search_term_string\"}}],\"inLanguage\":\"de\"},{\"@type\":\"Organization\",\"@id\":\"https:\\\/\\\/garniroberta.com\\\/#organization\",\"name\":\"Hotel Garn\u00ec Roberta\",\"url\":\"https:\\\/\\\/garniroberta.com\\\/\",\"logo\":{\"@type\":\"ImageObject\",\"inLanguage\":\"de\",\"@id\":\"https:\\\/\\\/garniroberta.com\\\/#\\\/schema\\\/logo\\\/image\\\/\",\"url\":\"https:\\\/\\\/garniroberta.com\\\/wp-content\\\/uploads\\\/2022\\\/03\\\/logo.png\",\"contentUrl\":\"https:\\\/\\\/garniroberta.com\\\/wp-content\\\/uploads\\\/2022\\\/03\\\/logo.png\",\"width\":230,\"height\":130,\"caption\":\"Hotel Garn\u00ec Roberta\"},\"image\":{\"@id\":\"https:\\\/\\\/garniroberta.com\\\/#\\\/schema\\\/logo\\\/image\\\/\"}}]}<\/script>\n<!-- \/ Yoast SEO plugin. -->","yoast_head_json":{"title":"Die besten Angebote f\u00fcr Ihren Urlaub in den italienischen Dolomiten","description":"Nutzen Sie die Angebote, die wir f\u00fcr Sie im Hotel Garni Roberta f\u00fcr Ihren Urlaub in den Dolomiten zu allen Jahreszeiten reservieren","robots":{"index":"index","follow":"follow","max-snippet":"max-snippet:-1","max-image-preview":"max-image-preview:large","max-video-preview":"max-video-preview:-1"},"canonical":"https:\/\/garniroberta.com\/de\/angebote","og_locale":"de_DE","og_type":"article","og_title":"Die besten Angebote f\u00fcr Ihren Urlaub in den italienischen Dolomiten","og_description":"Nutzen Sie die Angebote, die wir f\u00fcr Sie im Hotel Garni Roberta f\u00fcr Ihren Urlaub in den Dolomiten zu allen Jahreszeiten reservieren","og_url":"https:\/\/garniroberta.com\/de\/angebote","og_site_name":"Hotel Garn\u00ec Roberta","article_modified_time":"2022-03-30T09:51:48+00:00","twitter_card":"summary_large_image","twitter_misc":{"Gesch\u00e4tzte Lesezeit":"1\u00a0Minute"},"schema":{"@context":"https:\/\/schema.org","@graph":[{"@type":"WebPage","@id":"https:\/\/garniroberta.com\/de\/angebote","url":"https:\/\/garniroberta.com\/de\/angebote","name":"Die besten Angebote f\u00fcr Ihren Urlaub in den italienischen Dolomiten","isPartOf":{"@id":"https:\/\/garniroberta.com\/#website"},"datePublished":"2022-03-29T10:38:05+00:00","dateModified":"2022-03-30T09:51:48+00:00","description":"Nutzen Sie die Angebote, die wir f\u00fcr Sie im Hotel Garni Roberta f\u00fcr Ihren Urlaub in den Dolomiten zu allen Jahreszeiten reservieren","breadcrumb":{"@id":"https:\/\/garniroberta.com\/de\/angebote#breadcrumb"},"inLanguage":"de","potentialAction":[{"@type":"ReadAction","target":["https:\/\/garniroberta.com\/de\/angebote"]}]},{"@type":"BreadcrumbList","@id":"https:\/\/garniroberta.com\/de\/angebote#breadcrumb","itemListElement":[{"@type":"ListItem","position":1,"name":"Home","item":"https:\/\/garniroberta.com\/de"},{"@type":"ListItem","position":2,"name":"Angebote"}]},{"@type":"WebSite","@id":"https:\/\/garniroberta.com\/#website","url":"https:\/\/garniroberta.com\/","name":"Hotel Garn\u00ec Roberta","description":"","publisher":{"@id":"https:\/\/garniroberta.com\/#organization"},"potentialAction":[{"@type":"SearchAction","target":{"@type":"EntryPoint","urlTemplate":"https:\/\/garniroberta.com\/?s={search_term_string}"},"query-input":{"@type":"PropertyValueSpecification","valueRequired":true,"valueName":"search_term_string"}}],"inLanguage":"de"},{"@type":"Organization","@id":"https:\/\/garniroberta.com\/#organization","name":"Hotel Garn\u00ec Roberta","url":"https:\/\/garniroberta.com\/","logo":{"@type":"ImageObject","inLanguage":"de","@id":"https:\/\/garniroberta.com\/#\/schema\/logo\/image\/","url":"https:\/\/garniroberta.com\/wp-content\/uploads\/2022\/03\/logo.png","contentUrl":"https:\/\/garniroberta.com\/wp-content\/uploads\/2022\/03\/logo.png","width":230,"height":130,"caption":"Hotel Garn\u00ec Roberta"},"image":{"@id":"https:\/\/garniroberta.com\/#\/schema\/logo\/image\/"}}]}},"_links":{"self":[{"href":"https:\/\/garniroberta.com\/de\/wp-json\/wp\/v2\/pages\/920","targetHints":{"allow":["GET"]}}],"collection":[{"href":"https:\/\/garniroberta.com\/de\/wp-json\/wp\/v2\/pages"}],"about":[{"href":"https:\/\/garniroberta.com\/de\/wp-json\/wp\/v2\/types\/page"}],"author":[{"embeddable":true,"href":"https:\/\/garniroberta.com\/de\/wp-json\/wp\/v2\/users\/1"}],"replies":[{"embeddable":true,"href":"https:\/\/garniroberta.com\/de\/wp-json\/wp\/v2\/comments?post=920"}],"version-history":[{"count":3,"href":"https:\/\/garniroberta.com\/de\/wp-json\/wp\/v2\/pages\/920\/revisions"}],"predecessor-version":[{"id":987,"href":"https:\/\/garniroberta.com\/de\/wp-json\/wp\/v2\/pages\/920\/revisions\/987"}],"wp:attachment":[{"href":"https:\/\/garniroberta.com\/de\/wp-json\/wp\/v2\/media?parent=920"}],"curies":[{"name":"wp","href":"https:\/\/api.w.org\/{rel}","templated":true}]}}