{"id":914,"date":"2022-03-29T12:38:00","date_gmt":"2022-03-29T10:38:00","guid":{"rendered":"https:\/\/www.sviluppoarea38.it\/erfahrungen\/winter"},"modified":"2022-03-30T11:58:08","modified_gmt":"2022-03-30T09:58:08","slug":"winter","status":"publish","type":"page","link":"https:\/\/garniroberta.com\/de\/erlebnisse\/winter","title":{"rendered":"Winter"},"content":{"rendered":"\n<p>W\u00e4hrend Ihres Urlaubs im Garn\u00ec Roberta <b>m\u00fcssen Sie Ihr Auto zum Skifahren nicht bewegen<\/b>. G\u00f6nnen Sie den Luxus, das Hotel <b>mit den Skiern zu verlassen<\/b> und jederzeit wieder zur\u00fcckzukehren! Vielleicht abwechselnd Skifahren mit anderen Winteraktivit\u00e4ten wie <b>Snowboarden<\/b> und Schneeschuhwandern.<\/p>\n","protected":false},"excerpt":{"rendered":"<p>W\u00e4hrend Ihres Urlaubs im Garn\u00ec Roberta m\u00fcssen Sie Ihr Auto zum Skifahren nicht bewegen. G\u00f6nnen Sie den Luxus, das Hotel mit den Skiern zu verlassen und jederzeit wieder zur\u00fcckzukehren! Vielleicht abwechselnd Skifahren mit anderen Winteraktivit\u00e4ten wie Snowboarden und Schneeschuhwandern.<\/p>\n","protected":false},"author":1,"featured_media":0,"parent":910,"menu_order":0,"comment_status":"closed","ping_status":"closed","template":"page-templates\/dettaglio_esperienza.php","meta":{"_acf_changed":false,"inline_featured_image":false,"footnotes":""},"class_list":["post-914","page","type-page","status-publish","hentry"],"acf":[],"yoast_head":"<!-- This site is optimized with the Yoast SEO plugin v27.4 - https:\/\/yoast.com\/product\/yoast-seo-wordpress\/ -->\n<title>Winterurlaub in den italienischen Dolomiten | Hotel Garni Roberta<\/title>\n<meta name=\"description\" content=\"Hotel auf den Pisten mit Skiliften nur 400 Mt. entfernt. Dolomiti Superski Partner. Ski Room und Dienstleistungen f\u00fcr Sportler\" \/>\n<meta name=\"robots\" content=\"index, follow, max-snippet:-1, max-image-preview:large, max-video-preview:-1\" \/>\n<link rel=\"canonical\" href=\"https:\/\/garniroberta.com\/de\/erlebnisse\/winter\" \/>\n<meta property=\"og:locale\" content=\"de_DE\" \/>\n<meta property=\"og:type\" content=\"article\" \/>\n<meta property=\"og:title\" content=\"Winterurlaub in den italienischen Dolomiten | Hotel Garni Roberta\" \/>\n<meta property=\"og:description\" content=\"Hotel auf den Pisten mit Skiliften nur 400 Mt. entfernt. Dolomiti Superski Partner. Ski Room und Dienstleistungen f\u00fcr Sportler\" \/>\n<meta property=\"og:url\" content=\"https:\/\/garniroberta.com\/de\/erlebnisse\/winter\" \/>\n<meta property=\"og:site_name\" content=\"Hotel Garn\u00ec Roberta\" \/>\n<meta property=\"article:modified_time\" content=\"2022-03-30T09:58:08+00:00\" \/>\n<meta name=\"twitter:card\" content=\"summary_large_image\" \/>\n<meta name=\"twitter:label1\" content=\"Gesch\u00e4tzte Lesezeit\" \/>\n\t<meta name=\"twitter:data1\" content=\"1\u00a0Minute\" \/>\n<script type=\"application\/ld+json\" class=\"yoast-schema-graph\">{\"@context\":\"https:\\\/\\\/schema.org\",\"@graph\":[{\"@type\":\"WebPage\",\"@id\":\"https:\\\/\\\/garniroberta.com\\\/de\\\/erlebnisse\\\/winter\",\"url\":\"https:\\\/\\\/garniroberta.com\\\/de\\\/erlebnisse\\\/winter\",\"name\":\"Winterurlaub in den italienischen Dolomiten | Hotel Garni Roberta\",\"isPartOf\":{\"@id\":\"https:\\\/\\\/garniroberta.com\\\/#website\"},\"datePublished\":\"2022-03-29T10:38:00+00:00\",\"dateModified\":\"2022-03-30T09:58:08+00:00\",\"description\":\"Hotel auf den Pisten mit Skiliften nur 400 Mt. entfernt. Dolomiti Superski Partner. Ski Room und Dienstleistungen f\u00fcr Sportler\",\"breadcrumb\":{\"@id\":\"https:\\\/\\\/garniroberta.com\\\/de\\\/erlebnisse\\\/winter#breadcrumb\"},\"inLanguage\":\"de\",\"potentialAction\":[{\"@type\":\"ReadAction\",\"target\":[\"https:\\\/\\\/garniroberta.com\\\/de\\\/erlebnisse\\\/winter\"]}]},{\"@type\":\"BreadcrumbList\",\"@id\":\"https:\\\/\\\/garniroberta.com\\\/de\\\/erlebnisse\\\/winter#breadcrumb\",\"itemListElement\":[{\"@type\":\"ListItem\",\"position\":1,\"name\":\"Home\",\"item\":\"https:\\\/\\\/garniroberta.com\\\/de\"},{\"@type\":\"ListItem\",\"position\":2,\"name\":\"Erlebnisse\",\"item\":\"https:\\\/\\\/garniroberta.com\\\/de\\\/erlebnisse\"},{\"@type\":\"ListItem\",\"position\":3,\"name\":\"Winter\"}]},{\"@type\":\"WebSite\",\"@id\":\"https:\\\/\\\/garniroberta.com\\\/#website\",\"url\":\"https:\\\/\\\/garniroberta.com\\\/\",\"name\":\"Hotel Garn\u00ec Roberta\",\"description\":\"\",\"publisher\":{\"@id\":\"https:\\\/\\\/garniroberta.com\\\/#organization\"},\"potentialAction\":[{\"@type\":\"SearchAction\",\"target\":{\"@type\":\"EntryPoint\",\"urlTemplate\":\"https:\\\/\\\/garniroberta.com\\\/?s={search_term_string}\"},\"query-input\":{\"@type\":\"PropertyValueSpecification\",\"valueRequired\":true,\"valueName\":\"search_term_string\"}}],\"inLanguage\":\"de\"},{\"@type\":\"Organization\",\"@id\":\"https:\\\/\\\/garniroberta.com\\\/#organization\",\"name\":\"Hotel Garn\u00ec Roberta\",\"url\":\"https:\\\/\\\/garniroberta.com\\\/\",\"logo\":{\"@type\":\"ImageObject\",\"inLanguage\":\"de\",\"@id\":\"https:\\\/\\\/garniroberta.com\\\/#\\\/schema\\\/logo\\\/image\\\/\",\"url\":\"https:\\\/\\\/garniroberta.com\\\/wp-content\\\/uploads\\\/2022\\\/03\\\/logo.png\",\"contentUrl\":\"https:\\\/\\\/garniroberta.com\\\/wp-content\\\/uploads\\\/2022\\\/03\\\/logo.png\",\"width\":230,\"height\":130,\"caption\":\"Hotel Garn\u00ec Roberta\"},\"image\":{\"@id\":\"https:\\\/\\\/garniroberta.com\\\/#\\\/schema\\\/logo\\\/image\\\/\"}}]}<\/script>\n<!-- \/ Yoast SEO plugin. -->","yoast_head_json":{"title":"Winterurlaub in den italienischen Dolomiten | Hotel Garni Roberta","description":"Hotel auf den Pisten mit Skiliften nur 400 Mt. entfernt. Dolomiti Superski Partner. Ski Room und Dienstleistungen f\u00fcr Sportler","robots":{"index":"index","follow":"follow","max-snippet":"max-snippet:-1","max-image-preview":"max-image-preview:large","max-video-preview":"max-video-preview:-1"},"canonical":"https:\/\/garniroberta.com\/de\/erlebnisse\/winter","og_locale":"de_DE","og_type":"article","og_title":"Winterurlaub in den italienischen Dolomiten | Hotel Garni Roberta","og_description":"Hotel auf den Pisten mit Skiliften nur 400 Mt. entfernt. Dolomiti Superski Partner. Ski Room und Dienstleistungen f\u00fcr Sportler","og_url":"https:\/\/garniroberta.com\/de\/erlebnisse\/winter","og_site_name":"Hotel Garn\u00ec Roberta","article_modified_time":"2022-03-30T09:58:08+00:00","twitter_card":"summary_large_image","twitter_misc":{"Gesch\u00e4tzte Lesezeit":"1\u00a0Minute"},"schema":{"@context":"https:\/\/schema.org","@graph":[{"@type":"WebPage","@id":"https:\/\/garniroberta.com\/de\/erlebnisse\/winter","url":"https:\/\/garniroberta.com\/de\/erlebnisse\/winter","name":"Winterurlaub in den italienischen Dolomiten | Hotel Garni Roberta","isPartOf":{"@id":"https:\/\/garniroberta.com\/#website"},"datePublished":"2022-03-29T10:38:00+00:00","dateModified":"2022-03-30T09:58:08+00:00","description":"Hotel auf den Pisten mit Skiliften nur 400 Mt. entfernt. Dolomiti Superski Partner. Ski Room und Dienstleistungen f\u00fcr Sportler","breadcrumb":{"@id":"https:\/\/garniroberta.com\/de\/erlebnisse\/winter#breadcrumb"},"inLanguage":"de","potentialAction":[{"@type":"ReadAction","target":["https:\/\/garniroberta.com\/de\/erlebnisse\/winter"]}]},{"@type":"BreadcrumbList","@id":"https:\/\/garniroberta.com\/de\/erlebnisse\/winter#breadcrumb","itemListElement":[{"@type":"ListItem","position":1,"name":"Home","item":"https:\/\/garniroberta.com\/de"},{"@type":"ListItem","position":2,"name":"Erlebnisse","item":"https:\/\/garniroberta.com\/de\/erlebnisse"},{"@type":"ListItem","position":3,"name":"Winter"}]},{"@type":"WebSite","@id":"https:\/\/garniroberta.com\/#website","url":"https:\/\/garniroberta.com\/","name":"Hotel Garn\u00ec Roberta","description":"","publisher":{"@id":"https:\/\/garniroberta.com\/#organization"},"potentialAction":[{"@type":"SearchAction","target":{"@type":"EntryPoint","urlTemplate":"https:\/\/garniroberta.com\/?s={search_term_string}"},"query-input":{"@type":"PropertyValueSpecification","valueRequired":true,"valueName":"search_term_string"}}],"inLanguage":"de"},{"@type":"Organization","@id":"https:\/\/garniroberta.com\/#organization","name":"Hotel Garn\u00ec Roberta","url":"https:\/\/garniroberta.com\/","logo":{"@type":"ImageObject","inLanguage":"de","@id":"https:\/\/garniroberta.com\/#\/schema\/logo\/image\/","url":"https:\/\/garniroberta.com\/wp-content\/uploads\/2022\/03\/logo.png","contentUrl":"https:\/\/garniroberta.com\/wp-content\/uploads\/2022\/03\/logo.png","width":230,"height":130,"caption":"Hotel Garn\u00ec Roberta"},"image":{"@id":"https:\/\/garniroberta.com\/#\/schema\/logo\/image\/"}}]}},"_links":{"self":[{"href":"https:\/\/garniroberta.com\/de\/wp-json\/wp\/v2\/pages\/914","targetHints":{"allow":["GET"]}}],"collection":[{"href":"https:\/\/garniroberta.com\/de\/wp-json\/wp\/v2\/pages"}],"about":[{"href":"https:\/\/garniroberta.com\/de\/wp-json\/wp\/v2\/types\/page"}],"author":[{"embeddable":true,"href":"https:\/\/garniroberta.com\/de\/wp-json\/wp\/v2\/users\/1"}],"replies":[{"embeddable":true,"href":"https:\/\/garniroberta.com\/de\/wp-json\/wp\/v2\/comments?post=914"}],"version-history":[{"count":3,"href":"https:\/\/garniroberta.com\/de\/wp-json\/wp\/v2\/pages\/914\/revisions"}],"predecessor-version":[{"id":995,"href":"https:\/\/garniroberta.com\/de\/wp-json\/wp\/v2\/pages\/914\/revisions\/995"}],"up":[{"embeddable":true,"href":"https:\/\/garniroberta.com\/de\/wp-json\/wp\/v2\/pages\/910"}],"wp:attachment":[{"href":"https:\/\/garniroberta.com\/de\/wp-json\/wp\/v2\/media?parent=914"}],"curies":[{"name":"wp","href":"https:\/\/api.w.org\/{rel}","templated":true}]}}