{"id":912,"date":"2022-03-29T12:37:59","date_gmt":"2022-03-29T10:37:59","guid":{"rendered":"https:\/\/www.sviluppoarea38.it\/erfahrungen\/sommer"},"modified":"2022-03-30T11:55:31","modified_gmt":"2022-03-30T09:55:31","slug":"sommer","status":"publish","type":"page","link":"https:\/\/garniroberta.com\/de\/erlebnisse\/sommer","title":{"rendered":"Sommer"},"content":{"rendered":"\n<p>Alte Routen, verzauberte Seen, Wege des Ersten Weltkriegs, H\u00fcttenausfl\u00fcge: Der Sommer ist wirklich gro\u00dfz\u00fcgig mit den <b>Erlebnissen, die Sie in den Belluneser Dolomiten genie\u00dfen k\u00f6nnen!<\/b><\/p>\n\n\n\n<p>Wir geben Ihnen Tipps zu <b>Sehensw\u00fcrdigkeiten<\/b> und wenn Sie <b>gef\u00fchrte Ausfl\u00fcge<\/b> lieben, k\u00f6nnen wir Ihnen vertrauensw\u00fcrdige Partner f\u00fcr Trekkingtouren vorschlagen.<\/p>\n","protected":false},"excerpt":{"rendered":"<p>Alte Routen, verzauberte Seen, Wege des Ersten Weltkriegs, H\u00fcttenausfl\u00fcge: Der Sommer ist wirklich gro\u00dfz\u00fcgig mit den Erlebnissen, die Sie in den Belluneser Dolomiten genie\u00dfen k\u00f6nnen! Wir geben Ihnen Tipps zu Sehensw\u00fcrdigkeiten und wenn Sie gef\u00fchrte Ausfl\u00fcge lieben, k\u00f6nnen wir Ihnen vertrauensw\u00fcrdige Partner f\u00fcr Trekkingtouren vorschlagen.<\/p>\n","protected":false},"author":1,"featured_media":0,"parent":910,"menu_order":0,"comment_status":"closed","ping_status":"closed","template":"page-templates\/dettaglio_esperienza.php","meta":{"_acf_changed":false,"inline_featured_image":false,"footnotes":""},"class_list":["post-912","page","type-page","status-publish","hentry"],"acf":[],"yoast_head":"<!-- This site is optimized with the Yoast SEO plugin v27.3 - https:\/\/yoast.com\/product\/yoast-seo-wordpress\/ -->\n<title>Sommerurlaub in den Dolomiten Marmolada | Hotel Garni Roberta<\/title>\n<meta name=\"description\" content=\"Hotel in Malga Ciapela am Fu\u00dfe der Marmolada in den Belluner Dolomiten. Trekking, Radfahren, Wandern in der H\u00fctte\" \/>\n<meta name=\"robots\" content=\"index, follow, max-snippet:-1, max-image-preview:large, max-video-preview:-1\" \/>\n<link rel=\"canonical\" href=\"https:\/\/garniroberta.com\/de\/erlebnisse\/sommer\" \/>\n<meta property=\"og:locale\" content=\"de_DE\" \/>\n<meta property=\"og:type\" content=\"article\" \/>\n<meta property=\"og:title\" content=\"Sommerurlaub in den Dolomiten Marmolada | Hotel Garni Roberta\" \/>\n<meta property=\"og:description\" content=\"Hotel in Malga Ciapela am Fu\u00dfe der Marmolada in den Belluner Dolomiten. Trekking, Radfahren, Wandern in der H\u00fctte\" \/>\n<meta property=\"og:url\" content=\"https:\/\/garniroberta.com\/de\/erlebnisse\/sommer\" \/>\n<meta property=\"og:site_name\" content=\"Hotel Garn\u00ec Roberta\" \/>\n<meta property=\"article:modified_time\" content=\"2022-03-30T09:55:31+00:00\" \/>\n<meta name=\"twitter:card\" content=\"summary_large_image\" \/>\n<meta name=\"twitter:label1\" content=\"Gesch\u00e4tzte Lesezeit\" \/>\n\t<meta name=\"twitter:data1\" content=\"1\u00a0Minute\" \/>\n<script type=\"application\/ld+json\" class=\"yoast-schema-graph\">{\"@context\":\"https:\\\/\\\/schema.org\",\"@graph\":[{\"@type\":\"WebPage\",\"@id\":\"https:\\\/\\\/garniroberta.com\\\/de\\\/erlebnisse\\\/sommer\",\"url\":\"https:\\\/\\\/garniroberta.com\\\/de\\\/erlebnisse\\\/sommer\",\"name\":\"Sommerurlaub in den Dolomiten Marmolada | Hotel Garni Roberta\",\"isPartOf\":{\"@id\":\"https:\\\/\\\/garniroberta.com\\\/#website\"},\"datePublished\":\"2022-03-29T10:37:59+00:00\",\"dateModified\":\"2022-03-30T09:55:31+00:00\",\"description\":\"Hotel in Malga Ciapela am Fu\u00dfe der Marmolada in den Belluner Dolomiten. Trekking, Radfahren, Wandern in der H\u00fctte\",\"breadcrumb\":{\"@id\":\"https:\\\/\\\/garniroberta.com\\\/de\\\/erlebnisse\\\/sommer#breadcrumb\"},\"inLanguage\":\"de\",\"potentialAction\":[{\"@type\":\"ReadAction\",\"target\":[\"https:\\\/\\\/garniroberta.com\\\/de\\\/erlebnisse\\\/sommer\"]}]},{\"@type\":\"BreadcrumbList\",\"@id\":\"https:\\\/\\\/garniroberta.com\\\/de\\\/erlebnisse\\\/sommer#breadcrumb\",\"itemListElement\":[{\"@type\":\"ListItem\",\"position\":1,\"name\":\"Home\",\"item\":\"https:\\\/\\\/garniroberta.com\\\/de\"},{\"@type\":\"ListItem\",\"position\":2,\"name\":\"Erlebnisse\",\"item\":\"https:\\\/\\\/garniroberta.com\\\/de\\\/erlebnisse\"},{\"@type\":\"ListItem\",\"position\":3,\"name\":\"Sommer\"}]},{\"@type\":\"WebSite\",\"@id\":\"https:\\\/\\\/garniroberta.com\\\/#website\",\"url\":\"https:\\\/\\\/garniroberta.com\\\/\",\"name\":\"Hotel Garn\u00ec Roberta\",\"description\":\"\",\"publisher\":{\"@id\":\"https:\\\/\\\/garniroberta.com\\\/#organization\"},\"potentialAction\":[{\"@type\":\"SearchAction\",\"target\":{\"@type\":\"EntryPoint\",\"urlTemplate\":\"https:\\\/\\\/garniroberta.com\\\/?s={search_term_string}\"},\"query-input\":{\"@type\":\"PropertyValueSpecification\",\"valueRequired\":true,\"valueName\":\"search_term_string\"}}],\"inLanguage\":\"de\"},{\"@type\":\"Organization\",\"@id\":\"https:\\\/\\\/garniroberta.com\\\/#organization\",\"name\":\"Hotel Garn\u00ec Roberta\",\"url\":\"https:\\\/\\\/garniroberta.com\\\/\",\"logo\":{\"@type\":\"ImageObject\",\"inLanguage\":\"de\",\"@id\":\"https:\\\/\\\/garniroberta.com\\\/#\\\/schema\\\/logo\\\/image\\\/\",\"url\":\"https:\\\/\\\/garniroberta.com\\\/wp-content\\\/uploads\\\/2022\\\/03\\\/logo.png\",\"contentUrl\":\"https:\\\/\\\/garniroberta.com\\\/wp-content\\\/uploads\\\/2022\\\/03\\\/logo.png\",\"width\":230,\"height\":130,\"caption\":\"Hotel Garn\u00ec Roberta\"},\"image\":{\"@id\":\"https:\\\/\\\/garniroberta.com\\\/#\\\/schema\\\/logo\\\/image\\\/\"}}]}<\/script>\n<!-- \/ Yoast SEO plugin. -->","yoast_head_json":{"title":"Sommerurlaub in den Dolomiten Marmolada | Hotel Garni Roberta","description":"Hotel in Malga Ciapela am Fu\u00dfe der Marmolada in den Belluner Dolomiten. Trekking, Radfahren, Wandern in der H\u00fctte","robots":{"index":"index","follow":"follow","max-snippet":"max-snippet:-1","max-image-preview":"max-image-preview:large","max-video-preview":"max-video-preview:-1"},"canonical":"https:\/\/garniroberta.com\/de\/erlebnisse\/sommer","og_locale":"de_DE","og_type":"article","og_title":"Sommerurlaub in den Dolomiten Marmolada | Hotel Garni Roberta","og_description":"Hotel in Malga Ciapela am Fu\u00dfe der Marmolada in den Belluner Dolomiten. Trekking, Radfahren, Wandern in der H\u00fctte","og_url":"https:\/\/garniroberta.com\/de\/erlebnisse\/sommer","og_site_name":"Hotel Garn\u00ec Roberta","article_modified_time":"2022-03-30T09:55:31+00:00","twitter_card":"summary_large_image","twitter_misc":{"Gesch\u00e4tzte Lesezeit":"1\u00a0Minute"},"schema":{"@context":"https:\/\/schema.org","@graph":[{"@type":"WebPage","@id":"https:\/\/garniroberta.com\/de\/erlebnisse\/sommer","url":"https:\/\/garniroberta.com\/de\/erlebnisse\/sommer","name":"Sommerurlaub in den Dolomiten Marmolada | Hotel Garni Roberta","isPartOf":{"@id":"https:\/\/garniroberta.com\/#website"},"datePublished":"2022-03-29T10:37:59+00:00","dateModified":"2022-03-30T09:55:31+00:00","description":"Hotel in Malga Ciapela am Fu\u00dfe der Marmolada in den Belluner Dolomiten. Trekking, Radfahren, Wandern in der H\u00fctte","breadcrumb":{"@id":"https:\/\/garniroberta.com\/de\/erlebnisse\/sommer#breadcrumb"},"inLanguage":"de","potentialAction":[{"@type":"ReadAction","target":["https:\/\/garniroberta.com\/de\/erlebnisse\/sommer"]}]},{"@type":"BreadcrumbList","@id":"https:\/\/garniroberta.com\/de\/erlebnisse\/sommer#breadcrumb","itemListElement":[{"@type":"ListItem","position":1,"name":"Home","item":"https:\/\/garniroberta.com\/de"},{"@type":"ListItem","position":2,"name":"Erlebnisse","item":"https:\/\/garniroberta.com\/de\/erlebnisse"},{"@type":"ListItem","position":3,"name":"Sommer"}]},{"@type":"WebSite","@id":"https:\/\/garniroberta.com\/#website","url":"https:\/\/garniroberta.com\/","name":"Hotel Garn\u00ec Roberta","description":"","publisher":{"@id":"https:\/\/garniroberta.com\/#organization"},"potentialAction":[{"@type":"SearchAction","target":{"@type":"EntryPoint","urlTemplate":"https:\/\/garniroberta.com\/?s={search_term_string}"},"query-input":{"@type":"PropertyValueSpecification","valueRequired":true,"valueName":"search_term_string"}}],"inLanguage":"de"},{"@type":"Organization","@id":"https:\/\/garniroberta.com\/#organization","name":"Hotel Garn\u00ec Roberta","url":"https:\/\/garniroberta.com\/","logo":{"@type":"ImageObject","inLanguage":"de","@id":"https:\/\/garniroberta.com\/#\/schema\/logo\/image\/","url":"https:\/\/garniroberta.com\/wp-content\/uploads\/2022\/03\/logo.png","contentUrl":"https:\/\/garniroberta.com\/wp-content\/uploads\/2022\/03\/logo.png","width":230,"height":130,"caption":"Hotel Garn\u00ec Roberta"},"image":{"@id":"https:\/\/garniroberta.com\/#\/schema\/logo\/image\/"}}]}},"_links":{"self":[{"href":"https:\/\/garniroberta.com\/de\/wp-json\/wp\/v2\/pages\/912","targetHints":{"allow":["GET"]}}],"collection":[{"href":"https:\/\/garniroberta.com\/de\/wp-json\/wp\/v2\/pages"}],"about":[{"href":"https:\/\/garniroberta.com\/de\/wp-json\/wp\/v2\/types\/page"}],"author":[{"embeddable":true,"href":"https:\/\/garniroberta.com\/de\/wp-json\/wp\/v2\/users\/1"}],"replies":[{"embeddable":true,"href":"https:\/\/garniroberta.com\/de\/wp-json\/wp\/v2\/comments?post=912"}],"version-history":[{"count":2,"href":"https:\/\/garniroberta.com\/de\/wp-json\/wp\/v2\/pages\/912\/revisions"}],"predecessor-version":[{"id":991,"href":"https:\/\/garniroberta.com\/de\/wp-json\/wp\/v2\/pages\/912\/revisions\/991"}],"up":[{"embeddable":true,"href":"https:\/\/garniroberta.com\/de\/wp-json\/wp\/v2\/pages\/910"}],"wp:attachment":[{"href":"https:\/\/garniroberta.com\/de\/wp-json\/wp\/v2\/media?parent=912"}],"curies":[{"name":"wp","href":"https:\/\/api.w.org\/{rel}","templated":true}]}}