{"id":909,"date":"2022-03-29T12:37:58","date_gmt":"2022-03-29T10:37:58","guid":{"rendered":"https:\/\/www.sviluppoarea38.it\/fruhstuck"},"modified":"2022-03-30T08:38:39","modified_gmt":"2022-03-30T06:38:39","slug":"fruhstuck","status":"publish","type":"page","link":"https:\/\/garniroberta.com\/de\/fruhstuck","title":{"rendered":"Fr\u00fchst\u00fcck"},"content":{"rendered":"","protected":false},"excerpt":{"rendered":"","protected":false},"author":1,"featured_media":0,"parent":0,"menu_order":0,"comment_status":"closed","ping_status":"closed","template":"page-templates\/pagina_scheda.php","meta":{"_acf_changed":false,"inline_featured_image":false,"footnotes":""},"class_list":["post-909","page","type-page","status-publish","hentry"],"acf":[],"yoast_head":"<!-- This site is optimized with the Yoast SEO plugin v27.3 - https:\/\/yoast.com\/product\/yoast-seo-wordpress\/ -->\n<title>Bio-Fr\u00fchst\u00fcck am Fu\u00dfe der Dolomiten Marmolada in Malga Ciapela<\/title>\n<meta name=\"description\" content=\"Das Fr\u00fchst\u00fcck des Garni Roberta ist ein reichhaltiges Bio-Buffet, das Sie von 7:30 bis 9:30 Uhr genie\u00dfen k\u00f6nnen. Vegan und glutenfrei\" \/>\n<meta name=\"robots\" content=\"index, follow, max-snippet:-1, max-image-preview:large, max-video-preview:-1\" \/>\n<link rel=\"canonical\" href=\"https:\/\/garniroberta.com\/de\/fruhstuck\" \/>\n<meta property=\"og:locale\" content=\"de_DE\" \/>\n<meta property=\"og:type\" content=\"article\" \/>\n<meta property=\"og:title\" content=\"Bio-Fr\u00fchst\u00fcck am Fu\u00dfe der Dolomiten Marmolada in Malga Ciapela\" \/>\n<meta property=\"og:description\" content=\"Das Fr\u00fchst\u00fcck des Garni Roberta ist ein reichhaltiges Bio-Buffet, das Sie von 7:30 bis 9:30 Uhr genie\u00dfen k\u00f6nnen. Vegan und glutenfrei\" \/>\n<meta property=\"og:url\" content=\"https:\/\/garniroberta.com\/de\/fruhstuck\" \/>\n<meta property=\"og:site_name\" content=\"Hotel Garn\u00ec Roberta\" \/>\n<meta property=\"article:modified_time\" content=\"2022-03-30T06:38:39+00:00\" \/>\n<meta name=\"twitter:card\" content=\"summary_large_image\" \/>\n<script type=\"application\/ld+json\" class=\"yoast-schema-graph\">{\"@context\":\"https:\\\/\\\/schema.org\",\"@graph\":[{\"@type\":\"WebPage\",\"@id\":\"https:\\\/\\\/garniroberta.com\\\/de\\\/fruhstuck\",\"url\":\"https:\\\/\\\/garniroberta.com\\\/de\\\/fruhstuck\",\"name\":\"Bio-Fr\u00fchst\u00fcck am Fu\u00dfe der Dolomiten Marmolada in Malga Ciapela\",\"isPartOf\":{\"@id\":\"https:\\\/\\\/garniroberta.com\\\/#website\"},\"datePublished\":\"2022-03-29T10:37:58+00:00\",\"dateModified\":\"2022-03-30T06:38:39+00:00\",\"description\":\"Das Fr\u00fchst\u00fcck des Garni Roberta ist ein reichhaltiges Bio-Buffet, das Sie von 7:30 bis 9:30 Uhr genie\u00dfen k\u00f6nnen. Vegan und glutenfrei\",\"breadcrumb\":{\"@id\":\"https:\\\/\\\/garniroberta.com\\\/de\\\/fruhstuck#breadcrumb\"},\"inLanguage\":\"de\",\"potentialAction\":[{\"@type\":\"ReadAction\",\"target\":[\"https:\\\/\\\/garniroberta.com\\\/de\\\/fruhstuck\"]}]},{\"@type\":\"BreadcrumbList\",\"@id\":\"https:\\\/\\\/garniroberta.com\\\/de\\\/fruhstuck#breadcrumb\",\"itemListElement\":[{\"@type\":\"ListItem\",\"position\":1,\"name\":\"Home\",\"item\":\"https:\\\/\\\/garniroberta.com\\\/de\"},{\"@type\":\"ListItem\",\"position\":2,\"name\":\"Fr\u00fchst\u00fcck\"}]},{\"@type\":\"WebSite\",\"@id\":\"https:\\\/\\\/garniroberta.com\\\/#website\",\"url\":\"https:\\\/\\\/garniroberta.com\\\/\",\"name\":\"Hotel Garn\u00ec Roberta\",\"description\":\"\",\"publisher\":{\"@id\":\"https:\\\/\\\/garniroberta.com\\\/#organization\"},\"potentialAction\":[{\"@type\":\"SearchAction\",\"target\":{\"@type\":\"EntryPoint\",\"urlTemplate\":\"https:\\\/\\\/garniroberta.com\\\/?s={search_term_string}\"},\"query-input\":{\"@type\":\"PropertyValueSpecification\",\"valueRequired\":true,\"valueName\":\"search_term_string\"}}],\"inLanguage\":\"de\"},{\"@type\":\"Organization\",\"@id\":\"https:\\\/\\\/garniroberta.com\\\/#organization\",\"name\":\"Hotel Garn\u00ec Roberta\",\"url\":\"https:\\\/\\\/garniroberta.com\\\/\",\"logo\":{\"@type\":\"ImageObject\",\"inLanguage\":\"de\",\"@id\":\"https:\\\/\\\/garniroberta.com\\\/#\\\/schema\\\/logo\\\/image\\\/\",\"url\":\"https:\\\/\\\/garniroberta.com\\\/wp-content\\\/uploads\\\/2022\\\/03\\\/logo.png\",\"contentUrl\":\"https:\\\/\\\/garniroberta.com\\\/wp-content\\\/uploads\\\/2022\\\/03\\\/logo.png\",\"width\":230,\"height\":130,\"caption\":\"Hotel Garn\u00ec Roberta\"},\"image\":{\"@id\":\"https:\\\/\\\/garniroberta.com\\\/#\\\/schema\\\/logo\\\/image\\\/\"}}]}<\/script>\n<!-- \/ Yoast SEO plugin. -->","yoast_head_json":{"title":"Bio-Fr\u00fchst\u00fcck am Fu\u00dfe der Dolomiten Marmolada in Malga Ciapela","description":"Das Fr\u00fchst\u00fcck des Garni Roberta ist ein reichhaltiges Bio-Buffet, das Sie von 7:30 bis 9:30 Uhr genie\u00dfen k\u00f6nnen. Vegan und glutenfrei","robots":{"index":"index","follow":"follow","max-snippet":"max-snippet:-1","max-image-preview":"max-image-preview:large","max-video-preview":"max-video-preview:-1"},"canonical":"https:\/\/garniroberta.com\/de\/fruhstuck","og_locale":"de_DE","og_type":"article","og_title":"Bio-Fr\u00fchst\u00fcck am Fu\u00dfe der Dolomiten Marmolada in Malga Ciapela","og_description":"Das Fr\u00fchst\u00fcck des Garni Roberta ist ein reichhaltiges Bio-Buffet, das Sie von 7:30 bis 9:30 Uhr genie\u00dfen k\u00f6nnen. Vegan und glutenfrei","og_url":"https:\/\/garniroberta.com\/de\/fruhstuck","og_site_name":"Hotel Garn\u00ec Roberta","article_modified_time":"2022-03-30T06:38:39+00:00","twitter_card":"summary_large_image","schema":{"@context":"https:\/\/schema.org","@graph":[{"@type":"WebPage","@id":"https:\/\/garniroberta.com\/de\/fruhstuck","url":"https:\/\/garniroberta.com\/de\/fruhstuck","name":"Bio-Fr\u00fchst\u00fcck am Fu\u00dfe der Dolomiten Marmolada in Malga Ciapela","isPartOf":{"@id":"https:\/\/garniroberta.com\/#website"},"datePublished":"2022-03-29T10:37:58+00:00","dateModified":"2022-03-30T06:38:39+00:00","description":"Das Fr\u00fchst\u00fcck des Garni Roberta ist ein reichhaltiges Bio-Buffet, das Sie von 7:30 bis 9:30 Uhr genie\u00dfen k\u00f6nnen. Vegan und glutenfrei","breadcrumb":{"@id":"https:\/\/garniroberta.com\/de\/fruhstuck#breadcrumb"},"inLanguage":"de","potentialAction":[{"@type":"ReadAction","target":["https:\/\/garniroberta.com\/de\/fruhstuck"]}]},{"@type":"BreadcrumbList","@id":"https:\/\/garniroberta.com\/de\/fruhstuck#breadcrumb","itemListElement":[{"@type":"ListItem","position":1,"name":"Home","item":"https:\/\/garniroberta.com\/de"},{"@type":"ListItem","position":2,"name":"Fr\u00fchst\u00fcck"}]},{"@type":"WebSite","@id":"https:\/\/garniroberta.com\/#website","url":"https:\/\/garniroberta.com\/","name":"Hotel Garn\u00ec Roberta","description":"","publisher":{"@id":"https:\/\/garniroberta.com\/#organization"},"potentialAction":[{"@type":"SearchAction","target":{"@type":"EntryPoint","urlTemplate":"https:\/\/garniroberta.com\/?s={search_term_string}"},"query-input":{"@type":"PropertyValueSpecification","valueRequired":true,"valueName":"search_term_string"}}],"inLanguage":"de"},{"@type":"Organization","@id":"https:\/\/garniroberta.com\/#organization","name":"Hotel Garn\u00ec Roberta","url":"https:\/\/garniroberta.com\/","logo":{"@type":"ImageObject","inLanguage":"de","@id":"https:\/\/garniroberta.com\/#\/schema\/logo\/image\/","url":"https:\/\/garniroberta.com\/wp-content\/uploads\/2022\/03\/logo.png","contentUrl":"https:\/\/garniroberta.com\/wp-content\/uploads\/2022\/03\/logo.png","width":230,"height":130,"caption":"Hotel Garn\u00ec Roberta"},"image":{"@id":"https:\/\/garniroberta.com\/#\/schema\/logo\/image\/"}}]}},"_links":{"self":[{"href":"https:\/\/garniroberta.com\/de\/wp-json\/wp\/v2\/pages\/909","targetHints":{"allow":["GET"]}}],"collection":[{"href":"https:\/\/garniroberta.com\/de\/wp-json\/wp\/v2\/pages"}],"about":[{"href":"https:\/\/garniroberta.com\/de\/wp-json\/wp\/v2\/types\/page"}],"author":[{"embeddable":true,"href":"https:\/\/garniroberta.com\/de\/wp-json\/wp\/v2\/users\/1"}],"replies":[{"embeddable":true,"href":"https:\/\/garniroberta.com\/de\/wp-json\/wp\/v2\/comments?post=909"}],"version-history":[{"count":2,"href":"https:\/\/garniroberta.com\/de\/wp-json\/wp\/v2\/pages\/909\/revisions"}],"predecessor-version":[{"id":942,"href":"https:\/\/garniroberta.com\/de\/wp-json\/wp\/v2\/pages\/909\/revisions\/942"}],"wp:attachment":[{"href":"https:\/\/garniroberta.com\/de\/wp-json\/wp\/v2\/media?parent=909"}],"curies":[{"name":"wp","href":"https:\/\/api.w.org\/{rel}","templated":true}]}}