{"id":907,"date":"2022-03-29T12:37:56","date_gmt":"2022-03-29T10:37:56","guid":{"rendered":"https:\/\/www.sviluppoarea38.it\/zimmer\/unabhangiges-zimmer"},"modified":"2022-03-30T09:55:28","modified_gmt":"2022-03-30T07:55:28","slug":"unabhangiges-zimmer","status":"publish","type":"page","link":"https:\/\/garniroberta.com\/de\/zimmer\/unabhangiges-zimmer","title":{"rendered":"unabh\u00e4ngiges Zimmer"},"content":{"rendered":"\n<p>Unser einziges <b>unabh\u00e4ngiges Zimmer<\/b> ist eine romantische, elegante und intime Umgebung, die von einem frischen Waldduft durchdrungen ist. Es verf\u00fcgt \u00fcber ein <b>bequemes Doppelbett<\/b>, eine Entspannungsecke mit Holztisch und St\u00fchlen, ein <b>gro\u00dfes Badezimmer<\/b> und einen <b>separaten Eingang<\/b>, der maximale Privatsph\u00e4re garantiert.<\/p>\n","protected":false},"excerpt":{"rendered":"<p>Unser einziges unabh\u00e4ngiges Zimmer ist eine romantische, elegante und intime Umgebung, die von einem frischen Waldduft durchdrungen ist. Es verf\u00fcgt \u00fcber ein bequemes Doppelbett, eine Entspannungsecke mit Holztisch und St\u00fchlen, ein gro\u00dfes Badezimmer und einen separaten Eingang, der maximale Privatsph\u00e4re garantiert.<\/p>\n","protected":false},"author":1,"featured_media":0,"parent":899,"menu_order":0,"comment_status":"closed","ping_status":"closed","template":"page-templates\/dettaglio_camera.php","meta":{"_acf_changed":false,"inline_featured_image":false,"footnotes":""},"class_list":["post-907","page","type-page","status-publish","hentry"],"acf":[],"yoast_head":"<!-- This site is optimized with the Yoast SEO plugin v27.4 - https:\/\/yoast.com\/product\/yoast-seo-wordpress\/ -->\n<title>Zimmer mit Panoramablick auf die Dolomiten | Hotel Garni Roberta<\/title>\n<meta name=\"description\" content=\"Das unabh\u00e4ngige Zimmer des Garni Roberta ist f\u00fcr 1-2 Personen geeignet und verf\u00fcgt \u00fcber einen eigenen Eingang\" \/>\n<meta name=\"robots\" content=\"index, follow, max-snippet:-1, max-image-preview:large, max-video-preview:-1\" \/>\n<link rel=\"canonical\" href=\"https:\/\/garniroberta.com\/de\/zimmer\/unabhangiges-zimmer\" \/>\n<meta property=\"og:locale\" content=\"de_DE\" \/>\n<meta property=\"og:type\" content=\"article\" \/>\n<meta property=\"og:title\" content=\"Zimmer mit Panoramablick auf die Dolomiten | Hotel Garni Roberta\" \/>\n<meta property=\"og:description\" content=\"Das unabh\u00e4ngige Zimmer des Garni Roberta ist f\u00fcr 1-2 Personen geeignet und verf\u00fcgt \u00fcber einen eigenen Eingang\" \/>\n<meta property=\"og:url\" content=\"https:\/\/garniroberta.com\/de\/zimmer\/unabhangiges-zimmer\" \/>\n<meta property=\"og:site_name\" content=\"Hotel Garn\u00ec Roberta\" \/>\n<meta property=\"article:modified_time\" content=\"2022-03-30T07:55:28+00:00\" \/>\n<meta name=\"twitter:card\" content=\"summary_large_image\" \/>\n<meta name=\"twitter:label1\" content=\"Gesch\u00e4tzte Lesezeit\" \/>\n\t<meta name=\"twitter:data1\" content=\"1\u00a0Minute\" \/>\n<script type=\"application\/ld+json\" class=\"yoast-schema-graph\">{\"@context\":\"https:\\\/\\\/schema.org\",\"@graph\":[{\"@type\":\"WebPage\",\"@id\":\"https:\\\/\\\/garniroberta.com\\\/de\\\/zimmer\\\/unabhangiges-zimmer\",\"url\":\"https:\\\/\\\/garniroberta.com\\\/de\\\/zimmer\\\/unabhangiges-zimmer\",\"name\":\"Zimmer mit Panoramablick auf die Dolomiten | Hotel Garni Roberta\",\"isPartOf\":{\"@id\":\"https:\\\/\\\/garniroberta.com\\\/#website\"},\"datePublished\":\"2022-03-29T10:37:56+00:00\",\"dateModified\":\"2022-03-30T07:55:28+00:00\",\"description\":\"Das unabh\u00e4ngige Zimmer des Garni Roberta ist f\u00fcr 1-2 Personen geeignet und verf\u00fcgt \u00fcber einen eigenen Eingang\",\"breadcrumb\":{\"@id\":\"https:\\\/\\\/garniroberta.com\\\/de\\\/zimmer\\\/unabhangiges-zimmer#breadcrumb\"},\"inLanguage\":\"de\",\"potentialAction\":[{\"@type\":\"ReadAction\",\"target\":[\"https:\\\/\\\/garniroberta.com\\\/de\\\/zimmer\\\/unabhangiges-zimmer\"]}]},{\"@type\":\"BreadcrumbList\",\"@id\":\"https:\\\/\\\/garniroberta.com\\\/de\\\/zimmer\\\/unabhangiges-zimmer#breadcrumb\",\"itemListElement\":[{\"@type\":\"ListItem\",\"position\":1,\"name\":\"Home\",\"item\":\"https:\\\/\\\/garniroberta.com\\\/de\"},{\"@type\":\"ListItem\",\"position\":2,\"name\":\"Zimmer\",\"item\":\"https:\\\/\\\/garniroberta.com\\\/de\\\/zimmer\"},{\"@type\":\"ListItem\",\"position\":3,\"name\":\"unabh\u00e4ngiges Zimmer\"}]},{\"@type\":\"WebSite\",\"@id\":\"https:\\\/\\\/garniroberta.com\\\/#website\",\"url\":\"https:\\\/\\\/garniroberta.com\\\/\",\"name\":\"Hotel Garn\u00ec Roberta\",\"description\":\"\",\"publisher\":{\"@id\":\"https:\\\/\\\/garniroberta.com\\\/#organization\"},\"potentialAction\":[{\"@type\":\"SearchAction\",\"target\":{\"@type\":\"EntryPoint\",\"urlTemplate\":\"https:\\\/\\\/garniroberta.com\\\/?s={search_term_string}\"},\"query-input\":{\"@type\":\"PropertyValueSpecification\",\"valueRequired\":true,\"valueName\":\"search_term_string\"}}],\"inLanguage\":\"de\"},{\"@type\":\"Organization\",\"@id\":\"https:\\\/\\\/garniroberta.com\\\/#organization\",\"name\":\"Hotel Garn\u00ec Roberta\",\"url\":\"https:\\\/\\\/garniroberta.com\\\/\",\"logo\":{\"@type\":\"ImageObject\",\"inLanguage\":\"de\",\"@id\":\"https:\\\/\\\/garniroberta.com\\\/#\\\/schema\\\/logo\\\/image\\\/\",\"url\":\"https:\\\/\\\/garniroberta.com\\\/wp-content\\\/uploads\\\/2022\\\/03\\\/logo.png\",\"contentUrl\":\"https:\\\/\\\/garniroberta.com\\\/wp-content\\\/uploads\\\/2022\\\/03\\\/logo.png\",\"width\":230,\"height\":130,\"caption\":\"Hotel Garn\u00ec Roberta\"},\"image\":{\"@id\":\"https:\\\/\\\/garniroberta.com\\\/#\\\/schema\\\/logo\\\/image\\\/\"}}]}<\/script>\n<!-- \/ Yoast SEO plugin. -->","yoast_head_json":{"title":"Zimmer mit Panoramablick auf die Dolomiten | Hotel Garni Roberta","description":"Das unabh\u00e4ngige Zimmer des Garni Roberta ist f\u00fcr 1-2 Personen geeignet und verf\u00fcgt \u00fcber einen eigenen Eingang","robots":{"index":"index","follow":"follow","max-snippet":"max-snippet:-1","max-image-preview":"max-image-preview:large","max-video-preview":"max-video-preview:-1"},"canonical":"https:\/\/garniroberta.com\/de\/zimmer\/unabhangiges-zimmer","og_locale":"de_DE","og_type":"article","og_title":"Zimmer mit Panoramablick auf die Dolomiten | Hotel Garni Roberta","og_description":"Das unabh\u00e4ngige Zimmer des Garni Roberta ist f\u00fcr 1-2 Personen geeignet und verf\u00fcgt \u00fcber einen eigenen Eingang","og_url":"https:\/\/garniroberta.com\/de\/zimmer\/unabhangiges-zimmer","og_site_name":"Hotel Garn\u00ec Roberta","article_modified_time":"2022-03-30T07:55:28+00:00","twitter_card":"summary_large_image","twitter_misc":{"Gesch\u00e4tzte Lesezeit":"1\u00a0Minute"},"schema":{"@context":"https:\/\/schema.org","@graph":[{"@type":"WebPage","@id":"https:\/\/garniroberta.com\/de\/zimmer\/unabhangiges-zimmer","url":"https:\/\/garniroberta.com\/de\/zimmer\/unabhangiges-zimmer","name":"Zimmer mit Panoramablick auf die Dolomiten | Hotel Garni Roberta","isPartOf":{"@id":"https:\/\/garniroberta.com\/#website"},"datePublished":"2022-03-29T10:37:56+00:00","dateModified":"2022-03-30T07:55:28+00:00","description":"Das unabh\u00e4ngige Zimmer des Garni Roberta ist f\u00fcr 1-2 Personen geeignet und verf\u00fcgt \u00fcber einen eigenen Eingang","breadcrumb":{"@id":"https:\/\/garniroberta.com\/de\/zimmer\/unabhangiges-zimmer#breadcrumb"},"inLanguage":"de","potentialAction":[{"@type":"ReadAction","target":["https:\/\/garniroberta.com\/de\/zimmer\/unabhangiges-zimmer"]}]},{"@type":"BreadcrumbList","@id":"https:\/\/garniroberta.com\/de\/zimmer\/unabhangiges-zimmer#breadcrumb","itemListElement":[{"@type":"ListItem","position":1,"name":"Home","item":"https:\/\/garniroberta.com\/de"},{"@type":"ListItem","position":2,"name":"Zimmer","item":"https:\/\/garniroberta.com\/de\/zimmer"},{"@type":"ListItem","position":3,"name":"unabh\u00e4ngiges Zimmer"}]},{"@type":"WebSite","@id":"https:\/\/garniroberta.com\/#website","url":"https:\/\/garniroberta.com\/","name":"Hotel Garn\u00ec Roberta","description":"","publisher":{"@id":"https:\/\/garniroberta.com\/#organization"},"potentialAction":[{"@type":"SearchAction","target":{"@type":"EntryPoint","urlTemplate":"https:\/\/garniroberta.com\/?s={search_term_string}"},"query-input":{"@type":"PropertyValueSpecification","valueRequired":true,"valueName":"search_term_string"}}],"inLanguage":"de"},{"@type":"Organization","@id":"https:\/\/garniroberta.com\/#organization","name":"Hotel Garn\u00ec Roberta","url":"https:\/\/garniroberta.com\/","logo":{"@type":"ImageObject","inLanguage":"de","@id":"https:\/\/garniroberta.com\/#\/schema\/logo\/image\/","url":"https:\/\/garniroberta.com\/wp-content\/uploads\/2022\/03\/logo.png","contentUrl":"https:\/\/garniroberta.com\/wp-content\/uploads\/2022\/03\/logo.png","width":230,"height":130,"caption":"Hotel Garn\u00ec Roberta"},"image":{"@id":"https:\/\/garniroberta.com\/#\/schema\/logo\/image\/"}}]}},"_links":{"self":[{"href":"https:\/\/garniroberta.com\/de\/wp-json\/wp\/v2\/pages\/907","targetHints":{"allow":["GET"]}}],"collection":[{"href":"https:\/\/garniroberta.com\/de\/wp-json\/wp\/v2\/pages"}],"about":[{"href":"https:\/\/garniroberta.com\/de\/wp-json\/wp\/v2\/types\/page"}],"author":[{"embeddable":true,"href":"https:\/\/garniroberta.com\/de\/wp-json\/wp\/v2\/users\/1"}],"replies":[{"embeddable":true,"href":"https:\/\/garniroberta.com\/de\/wp-json\/wp\/v2\/comments?post=907"}],"version-history":[{"count":2,"href":"https:\/\/garniroberta.com\/de\/wp-json\/wp\/v2\/pages\/907\/revisions"}],"predecessor-version":[{"id":939,"href":"https:\/\/garniroberta.com\/de\/wp-json\/wp\/v2\/pages\/907\/revisions\/939"}],"up":[{"embeddable":true,"href":"https:\/\/garniroberta.com\/de\/wp-json\/wp\/v2\/pages\/899"}],"wp:attachment":[{"href":"https:\/\/garniroberta.com\/de\/wp-json\/wp\/v2\/media?parent=907"}],"curies":[{"name":"wp","href":"https:\/\/api.w.org\/{rel}","templated":true}]}}