{"id":905,"date":"2022-03-29T12:37:54","date_gmt":"2022-03-29T10:37:54","guid":{"rendered":"https:\/\/www.sviluppoarea38.it\/zimmer\/familienzimmer"},"modified":"2022-03-30T09:53:36","modified_gmt":"2022-03-30T07:53:36","slug":"familienzimmer","status":"publish","type":"page","link":"https:\/\/garniroberta.com\/de\/zimmer\/familienzimmer","title":{"rendered":"Familienzimmer"},"content":{"rendered":"\n<p>Die ger\u00e4umigen <b>Familienzimmer <\/b>zeichnen sich durch <b>eine doppelt kommunizierende Umgebung<\/b> aus. Sie verf\u00fcgen \u00fcber ein <b>Kingsize-Doppelbett<\/b>, das bei Bedarf in <b>zwei Einzelbetten<\/b> geteilt werden kann, sowie \u00fcber ein <b>Schlafsofa<\/b>. Die Einrichtung und Beleuchtung erz\u00e4hlen Umgebung und Natur mit stilisierter Anmut.<\/p>\n","protected":false},"excerpt":{"rendered":"<p>Die ger\u00e4umigen Familienzimmer zeichnen sich durch eine doppelt kommunizierende Umgebung aus. Sie verf\u00fcgen \u00fcber ein Kingsize-Doppelbett, das bei Bedarf in zwei Einzelbetten geteilt werden kann, sowie \u00fcber ein Schlafsofa. Die Einrichtung und Beleuchtung erz\u00e4hlen Umgebung und Natur mit stilisierter Anmut.<\/p>\n","protected":false},"author":1,"featured_media":0,"parent":899,"menu_order":0,"comment_status":"closed","ping_status":"closed","template":"page-templates\/dettaglio_camera.php","meta":{"_acf_changed":false,"inline_featured_image":false,"footnotes":""},"class_list":["post-905","page","type-page","status-publish","hentry"],"acf":[],"yoast_head":"<!-- This site is optimized with the Yoast SEO plugin v27.3 - https:\/\/yoast.com\/product\/yoast-seo-wordpress\/ -->\n<title>Familienzimmer in den italienischen Dolomiten | Hotel Garni Roberta<\/title>\n<meta name=\"description\" content=\"Gro\u00dfe R\u00e4ume mit zwei miteinander verbundenen Zimmern, geeignet f\u00fcr Familien von 2 bis 4 Personen. Mit Panoramablick auf die Marmolada\" \/>\n<meta name=\"robots\" content=\"index, follow, max-snippet:-1, max-image-preview:large, max-video-preview:-1\" \/>\n<link rel=\"canonical\" href=\"https:\/\/garniroberta.com\/de\/zimmer\/familienzimmer\" \/>\n<meta property=\"og:locale\" content=\"de_DE\" \/>\n<meta property=\"og:type\" content=\"article\" \/>\n<meta property=\"og:title\" content=\"Familienzimmer in den italienischen Dolomiten | Hotel Garni Roberta\" \/>\n<meta property=\"og:description\" content=\"Gro\u00dfe R\u00e4ume mit zwei miteinander verbundenen Zimmern, geeignet f\u00fcr Familien von 2 bis 4 Personen. Mit Panoramablick auf die Marmolada\" \/>\n<meta property=\"og:url\" content=\"https:\/\/garniroberta.com\/de\/zimmer\/familienzimmer\" \/>\n<meta property=\"og:site_name\" content=\"Hotel Garn\u00ec Roberta\" \/>\n<meta property=\"article:modified_time\" content=\"2022-03-30T07:53:36+00:00\" \/>\n<meta name=\"twitter:card\" content=\"summary_large_image\" \/>\n<meta name=\"twitter:label1\" content=\"Gesch\u00e4tzte Lesezeit\" \/>\n\t<meta name=\"twitter:data1\" content=\"1\u00a0Minute\" \/>\n<script type=\"application\/ld+json\" class=\"yoast-schema-graph\">{\"@context\":\"https:\\\/\\\/schema.org\",\"@graph\":[{\"@type\":\"WebPage\",\"@id\":\"https:\\\/\\\/garniroberta.com\\\/de\\\/zimmer\\\/familienzimmer\",\"url\":\"https:\\\/\\\/garniroberta.com\\\/de\\\/zimmer\\\/familienzimmer\",\"name\":\"Familienzimmer in den italienischen Dolomiten | Hotel Garni Roberta\",\"isPartOf\":{\"@id\":\"https:\\\/\\\/garniroberta.com\\\/#website\"},\"datePublished\":\"2022-03-29T10:37:54+00:00\",\"dateModified\":\"2022-03-30T07:53:36+00:00\",\"description\":\"Gro\u00dfe R\u00e4ume mit zwei miteinander verbundenen Zimmern, geeignet f\u00fcr Familien von 2 bis 4 Personen. Mit Panoramablick auf die Marmolada\",\"breadcrumb\":{\"@id\":\"https:\\\/\\\/garniroberta.com\\\/de\\\/zimmer\\\/familienzimmer#breadcrumb\"},\"inLanguage\":\"de\",\"potentialAction\":[{\"@type\":\"ReadAction\",\"target\":[\"https:\\\/\\\/garniroberta.com\\\/de\\\/zimmer\\\/familienzimmer\"]}]},{\"@type\":\"BreadcrumbList\",\"@id\":\"https:\\\/\\\/garniroberta.com\\\/de\\\/zimmer\\\/familienzimmer#breadcrumb\",\"itemListElement\":[{\"@type\":\"ListItem\",\"position\":1,\"name\":\"Home\",\"item\":\"https:\\\/\\\/garniroberta.com\\\/de\"},{\"@type\":\"ListItem\",\"position\":2,\"name\":\"Zimmer\",\"item\":\"https:\\\/\\\/garniroberta.com\\\/de\\\/zimmer\"},{\"@type\":\"ListItem\",\"position\":3,\"name\":\"Familienzimmer\"}]},{\"@type\":\"WebSite\",\"@id\":\"https:\\\/\\\/garniroberta.com\\\/#website\",\"url\":\"https:\\\/\\\/garniroberta.com\\\/\",\"name\":\"Hotel Garn\u00ec Roberta\",\"description\":\"\",\"publisher\":{\"@id\":\"https:\\\/\\\/garniroberta.com\\\/#organization\"},\"potentialAction\":[{\"@type\":\"SearchAction\",\"target\":{\"@type\":\"EntryPoint\",\"urlTemplate\":\"https:\\\/\\\/garniroberta.com\\\/?s={search_term_string}\"},\"query-input\":{\"@type\":\"PropertyValueSpecification\",\"valueRequired\":true,\"valueName\":\"search_term_string\"}}],\"inLanguage\":\"de\"},{\"@type\":\"Organization\",\"@id\":\"https:\\\/\\\/garniroberta.com\\\/#organization\",\"name\":\"Hotel Garn\u00ec Roberta\",\"url\":\"https:\\\/\\\/garniroberta.com\\\/\",\"logo\":{\"@type\":\"ImageObject\",\"inLanguage\":\"de\",\"@id\":\"https:\\\/\\\/garniroberta.com\\\/#\\\/schema\\\/logo\\\/image\\\/\",\"url\":\"https:\\\/\\\/garniroberta.com\\\/wp-content\\\/uploads\\\/2022\\\/03\\\/logo.png\",\"contentUrl\":\"https:\\\/\\\/garniroberta.com\\\/wp-content\\\/uploads\\\/2022\\\/03\\\/logo.png\",\"width\":230,\"height\":130,\"caption\":\"Hotel Garn\u00ec Roberta\"},\"image\":{\"@id\":\"https:\\\/\\\/garniroberta.com\\\/#\\\/schema\\\/logo\\\/image\\\/\"}}]}<\/script>\n<!-- \/ Yoast SEO plugin. -->","yoast_head_json":{"title":"Familienzimmer in den italienischen Dolomiten | Hotel Garni Roberta","description":"Gro\u00dfe R\u00e4ume mit zwei miteinander verbundenen Zimmern, geeignet f\u00fcr Familien von 2 bis 4 Personen. Mit Panoramablick auf die Marmolada","robots":{"index":"index","follow":"follow","max-snippet":"max-snippet:-1","max-image-preview":"max-image-preview:large","max-video-preview":"max-video-preview:-1"},"canonical":"https:\/\/garniroberta.com\/de\/zimmer\/familienzimmer","og_locale":"de_DE","og_type":"article","og_title":"Familienzimmer in den italienischen Dolomiten | Hotel Garni Roberta","og_description":"Gro\u00dfe R\u00e4ume mit zwei miteinander verbundenen Zimmern, geeignet f\u00fcr Familien von 2 bis 4 Personen. Mit Panoramablick auf die Marmolada","og_url":"https:\/\/garniroberta.com\/de\/zimmer\/familienzimmer","og_site_name":"Hotel Garn\u00ec Roberta","article_modified_time":"2022-03-30T07:53:36+00:00","twitter_card":"summary_large_image","twitter_misc":{"Gesch\u00e4tzte Lesezeit":"1\u00a0Minute"},"schema":{"@context":"https:\/\/schema.org","@graph":[{"@type":"WebPage","@id":"https:\/\/garniroberta.com\/de\/zimmer\/familienzimmer","url":"https:\/\/garniroberta.com\/de\/zimmer\/familienzimmer","name":"Familienzimmer in den italienischen Dolomiten | Hotel Garni Roberta","isPartOf":{"@id":"https:\/\/garniroberta.com\/#website"},"datePublished":"2022-03-29T10:37:54+00:00","dateModified":"2022-03-30T07:53:36+00:00","description":"Gro\u00dfe R\u00e4ume mit zwei miteinander verbundenen Zimmern, geeignet f\u00fcr Familien von 2 bis 4 Personen. Mit Panoramablick auf die Marmolada","breadcrumb":{"@id":"https:\/\/garniroberta.com\/de\/zimmer\/familienzimmer#breadcrumb"},"inLanguage":"de","potentialAction":[{"@type":"ReadAction","target":["https:\/\/garniroberta.com\/de\/zimmer\/familienzimmer"]}]},{"@type":"BreadcrumbList","@id":"https:\/\/garniroberta.com\/de\/zimmer\/familienzimmer#breadcrumb","itemListElement":[{"@type":"ListItem","position":1,"name":"Home","item":"https:\/\/garniroberta.com\/de"},{"@type":"ListItem","position":2,"name":"Zimmer","item":"https:\/\/garniroberta.com\/de\/zimmer"},{"@type":"ListItem","position":3,"name":"Familienzimmer"}]},{"@type":"WebSite","@id":"https:\/\/garniroberta.com\/#website","url":"https:\/\/garniroberta.com\/","name":"Hotel Garn\u00ec Roberta","description":"","publisher":{"@id":"https:\/\/garniroberta.com\/#organization"},"potentialAction":[{"@type":"SearchAction","target":{"@type":"EntryPoint","urlTemplate":"https:\/\/garniroberta.com\/?s={search_term_string}"},"query-input":{"@type":"PropertyValueSpecification","valueRequired":true,"valueName":"search_term_string"}}],"inLanguage":"de"},{"@type":"Organization","@id":"https:\/\/garniroberta.com\/#organization","name":"Hotel Garn\u00ec Roberta","url":"https:\/\/garniroberta.com\/","logo":{"@type":"ImageObject","inLanguage":"de","@id":"https:\/\/garniroberta.com\/#\/schema\/logo\/image\/","url":"https:\/\/garniroberta.com\/wp-content\/uploads\/2022\/03\/logo.png","contentUrl":"https:\/\/garniroberta.com\/wp-content\/uploads\/2022\/03\/logo.png","width":230,"height":130,"caption":"Hotel Garn\u00ec Roberta"},"image":{"@id":"https:\/\/garniroberta.com\/#\/schema\/logo\/image\/"}}]}},"_links":{"self":[{"href":"https:\/\/garniroberta.com\/de\/wp-json\/wp\/v2\/pages\/905","targetHints":{"allow":["GET"]}}],"collection":[{"href":"https:\/\/garniroberta.com\/de\/wp-json\/wp\/v2\/pages"}],"about":[{"href":"https:\/\/garniroberta.com\/de\/wp-json\/wp\/v2\/types\/page"}],"author":[{"embeddable":true,"href":"https:\/\/garniroberta.com\/de\/wp-json\/wp\/v2\/users\/1"}],"replies":[{"embeddable":true,"href":"https:\/\/garniroberta.com\/de\/wp-json\/wp\/v2\/comments?post=905"}],"version-history":[{"count":2,"href":"https:\/\/garniroberta.com\/de\/wp-json\/wp\/v2\/pages\/905\/revisions"}],"predecessor-version":[{"id":938,"href":"https:\/\/garniroberta.com\/de\/wp-json\/wp\/v2\/pages\/905\/revisions\/938"}],"up":[{"embeddable":true,"href":"https:\/\/garniroberta.com\/de\/wp-json\/wp\/v2\/pages\/899"}],"wp:attachment":[{"href":"https:\/\/garniroberta.com\/de\/wp-json\/wp\/v2\/media?parent=905"}],"curies":[{"name":"wp","href":"https:\/\/api.w.org\/{rel}","templated":true}]}}