{"id":901,"date":"2022-03-29T12:37:52","date_gmt":"2022-03-29T10:37:52","guid":{"rendered":"https:\/\/www.sviluppoarea38.it\/zimmer\/doppelzimmer"},"modified":"2022-03-30T09:51:56","modified_gmt":"2022-03-30T07:51:56","slug":"doppelzimmer","status":"publish","type":"page","link":"https:\/\/garniroberta.com\/de\/zimmer\/doppelzimmer","title":{"rendered":"Doppelzimmer"},"content":{"rendered":"\n<p>Das sch\u00f6nste Bild, das Sie in den <b>Doppelzimmern<\/b> bewundern, ist <b>die Marmolada<\/b>. Sobald Sie den <b>Balkon <\/b>betreten! Diese L\u00f6sungen sind in <b>verschiedenen Gr\u00f6\u00dfen erh\u00e4ltlich<\/b>, mit einem <b>Doppelbett<\/b> oder <b>zwei Einzelbetten<\/b>, <b>die mit einer Simmons-Matratze ausgestattet sind<\/b>. Wesentliche und gestalterische Details, ein <b>modernes Badezimmer<\/b> und viel Licht machen sie zu idealen Umgebungen f\u00fcr \u201eDolomiten\u201c-Tr\u00e4ume.<\/p>\n","protected":false},"excerpt":{"rendered":"<p>Das sch\u00f6nste Bild, das Sie in den Doppelzimmern bewundern, ist die Marmolada. Sobald Sie den Balkon betreten! Diese L\u00f6sungen sind in verschiedenen Gr\u00f6\u00dfen erh\u00e4ltlich, mit einem Doppelbett oder zwei Einzelbetten, die mit einer Simmons-Matratze ausgestattet sind. Wesentliche und gestalterische Details, ein modernes Badezimmer und viel Licht machen sie zu idealen Umgebungen f\u00fcr \u201eDolomiten\u201c-Tr\u00e4ume.<\/p>\n","protected":false},"author":1,"featured_media":0,"parent":899,"menu_order":0,"comment_status":"closed","ping_status":"closed","template":"page-templates\/dettaglio_camera.php","meta":{"_acf_changed":false,"inline_featured_image":false,"footnotes":""},"class_list":["post-901","page","type-page","status-publish","hentry"],"acf":[],"yoast_head":"<!-- This site is optimized with the Yoast SEO plugin v27.4 - https:\/\/yoast.com\/product\/yoast-seo-wordpress\/ -->\n<title>Doppelzimmer Hotel in Malga Ciapela in den italienischen Dolomiten<\/title>\n<meta name=\"description\" content=\"Die Doppelzimmer des Garni Roberta sind gro\u00dfe und komfortable R\u00e4ume f\u00fcr Ihren Urlaub in den Dolomiten. Alle mit Balkon und Bergblick\" \/>\n<meta name=\"robots\" content=\"index, follow, max-snippet:-1, max-image-preview:large, max-video-preview:-1\" \/>\n<link rel=\"canonical\" href=\"https:\/\/garniroberta.com\/de\/zimmer\/doppelzimmer\" \/>\n<meta property=\"og:locale\" content=\"de_DE\" \/>\n<meta property=\"og:type\" content=\"article\" \/>\n<meta property=\"og:title\" content=\"Doppelzimmer Hotel in Malga Ciapela in den italienischen Dolomiten\" \/>\n<meta property=\"og:description\" content=\"Die Doppelzimmer des Garni Roberta sind gro\u00dfe und komfortable R\u00e4ume f\u00fcr Ihren Urlaub in den Dolomiten. Alle mit Balkon und Bergblick\" \/>\n<meta property=\"og:url\" content=\"https:\/\/garniroberta.com\/de\/zimmer\/doppelzimmer\" \/>\n<meta property=\"og:site_name\" content=\"Hotel Garn\u00ec Roberta\" \/>\n<meta property=\"article:modified_time\" content=\"2022-03-30T07:51:56+00:00\" \/>\n<meta name=\"twitter:card\" content=\"summary_large_image\" \/>\n<meta name=\"twitter:label1\" content=\"Gesch\u00e4tzte Lesezeit\" \/>\n\t<meta name=\"twitter:data1\" content=\"1\u00a0Minute\" \/>\n<script type=\"application\/ld+json\" class=\"yoast-schema-graph\">{\"@context\":\"https:\\\/\\\/schema.org\",\"@graph\":[{\"@type\":\"WebPage\",\"@id\":\"https:\\\/\\\/garniroberta.com\\\/de\\\/zimmer\\\/doppelzimmer\",\"url\":\"https:\\\/\\\/garniroberta.com\\\/de\\\/zimmer\\\/doppelzimmer\",\"name\":\"Doppelzimmer Hotel in Malga Ciapela in den italienischen Dolomiten\",\"isPartOf\":{\"@id\":\"https:\\\/\\\/garniroberta.com\\\/#website\"},\"datePublished\":\"2022-03-29T10:37:52+00:00\",\"dateModified\":\"2022-03-30T07:51:56+00:00\",\"description\":\"Die Doppelzimmer des Garni Roberta sind gro\u00dfe und komfortable R\u00e4ume f\u00fcr Ihren Urlaub in den Dolomiten. Alle mit Balkon und Bergblick\",\"breadcrumb\":{\"@id\":\"https:\\\/\\\/garniroberta.com\\\/de\\\/zimmer\\\/doppelzimmer#breadcrumb\"},\"inLanguage\":\"de\",\"potentialAction\":[{\"@type\":\"ReadAction\",\"target\":[\"https:\\\/\\\/garniroberta.com\\\/de\\\/zimmer\\\/doppelzimmer\"]}]},{\"@type\":\"BreadcrumbList\",\"@id\":\"https:\\\/\\\/garniroberta.com\\\/de\\\/zimmer\\\/doppelzimmer#breadcrumb\",\"itemListElement\":[{\"@type\":\"ListItem\",\"position\":1,\"name\":\"Home\",\"item\":\"https:\\\/\\\/garniroberta.com\\\/de\"},{\"@type\":\"ListItem\",\"position\":2,\"name\":\"Zimmer\",\"item\":\"https:\\\/\\\/garniroberta.com\\\/de\\\/zimmer\"},{\"@type\":\"ListItem\",\"position\":3,\"name\":\"Doppelzimmer\"}]},{\"@type\":\"WebSite\",\"@id\":\"https:\\\/\\\/garniroberta.com\\\/#website\",\"url\":\"https:\\\/\\\/garniroberta.com\\\/\",\"name\":\"Hotel Garn\u00ec Roberta\",\"description\":\"\",\"publisher\":{\"@id\":\"https:\\\/\\\/garniroberta.com\\\/#organization\"},\"potentialAction\":[{\"@type\":\"SearchAction\",\"target\":{\"@type\":\"EntryPoint\",\"urlTemplate\":\"https:\\\/\\\/garniroberta.com\\\/?s={search_term_string}\"},\"query-input\":{\"@type\":\"PropertyValueSpecification\",\"valueRequired\":true,\"valueName\":\"search_term_string\"}}],\"inLanguage\":\"de\"},{\"@type\":\"Organization\",\"@id\":\"https:\\\/\\\/garniroberta.com\\\/#organization\",\"name\":\"Hotel Garn\u00ec Roberta\",\"url\":\"https:\\\/\\\/garniroberta.com\\\/\",\"logo\":{\"@type\":\"ImageObject\",\"inLanguage\":\"de\",\"@id\":\"https:\\\/\\\/garniroberta.com\\\/#\\\/schema\\\/logo\\\/image\\\/\",\"url\":\"https:\\\/\\\/garniroberta.com\\\/wp-content\\\/uploads\\\/2022\\\/03\\\/logo.png\",\"contentUrl\":\"https:\\\/\\\/garniroberta.com\\\/wp-content\\\/uploads\\\/2022\\\/03\\\/logo.png\",\"width\":230,\"height\":130,\"caption\":\"Hotel Garn\u00ec Roberta\"},\"image\":{\"@id\":\"https:\\\/\\\/garniroberta.com\\\/#\\\/schema\\\/logo\\\/image\\\/\"}}]}<\/script>\n<!-- \/ Yoast SEO plugin. -->","yoast_head_json":{"title":"Doppelzimmer Hotel in Malga Ciapela in den italienischen Dolomiten","description":"Die Doppelzimmer des Garni Roberta sind gro\u00dfe und komfortable R\u00e4ume f\u00fcr Ihren Urlaub in den Dolomiten. Alle mit Balkon und Bergblick","robots":{"index":"index","follow":"follow","max-snippet":"max-snippet:-1","max-image-preview":"max-image-preview:large","max-video-preview":"max-video-preview:-1"},"canonical":"https:\/\/garniroberta.com\/de\/zimmer\/doppelzimmer","og_locale":"de_DE","og_type":"article","og_title":"Doppelzimmer Hotel in Malga Ciapela in den italienischen Dolomiten","og_description":"Die Doppelzimmer des Garni Roberta sind gro\u00dfe und komfortable R\u00e4ume f\u00fcr Ihren Urlaub in den Dolomiten. Alle mit Balkon und Bergblick","og_url":"https:\/\/garniroberta.com\/de\/zimmer\/doppelzimmer","og_site_name":"Hotel Garn\u00ec Roberta","article_modified_time":"2022-03-30T07:51:56+00:00","twitter_card":"summary_large_image","twitter_misc":{"Gesch\u00e4tzte Lesezeit":"1\u00a0Minute"},"schema":{"@context":"https:\/\/schema.org","@graph":[{"@type":"WebPage","@id":"https:\/\/garniroberta.com\/de\/zimmer\/doppelzimmer","url":"https:\/\/garniroberta.com\/de\/zimmer\/doppelzimmer","name":"Doppelzimmer Hotel in Malga Ciapela in den italienischen Dolomiten","isPartOf":{"@id":"https:\/\/garniroberta.com\/#website"},"datePublished":"2022-03-29T10:37:52+00:00","dateModified":"2022-03-30T07:51:56+00:00","description":"Die Doppelzimmer des Garni Roberta sind gro\u00dfe und komfortable R\u00e4ume f\u00fcr Ihren Urlaub in den Dolomiten. Alle mit Balkon und Bergblick","breadcrumb":{"@id":"https:\/\/garniroberta.com\/de\/zimmer\/doppelzimmer#breadcrumb"},"inLanguage":"de","potentialAction":[{"@type":"ReadAction","target":["https:\/\/garniroberta.com\/de\/zimmer\/doppelzimmer"]}]},{"@type":"BreadcrumbList","@id":"https:\/\/garniroberta.com\/de\/zimmer\/doppelzimmer#breadcrumb","itemListElement":[{"@type":"ListItem","position":1,"name":"Home","item":"https:\/\/garniroberta.com\/de"},{"@type":"ListItem","position":2,"name":"Zimmer","item":"https:\/\/garniroberta.com\/de\/zimmer"},{"@type":"ListItem","position":3,"name":"Doppelzimmer"}]},{"@type":"WebSite","@id":"https:\/\/garniroberta.com\/#website","url":"https:\/\/garniroberta.com\/","name":"Hotel Garn\u00ec Roberta","description":"","publisher":{"@id":"https:\/\/garniroberta.com\/#organization"},"potentialAction":[{"@type":"SearchAction","target":{"@type":"EntryPoint","urlTemplate":"https:\/\/garniroberta.com\/?s={search_term_string}"},"query-input":{"@type":"PropertyValueSpecification","valueRequired":true,"valueName":"search_term_string"}}],"inLanguage":"de"},{"@type":"Organization","@id":"https:\/\/garniroberta.com\/#organization","name":"Hotel Garn\u00ec Roberta","url":"https:\/\/garniroberta.com\/","logo":{"@type":"ImageObject","inLanguage":"de","@id":"https:\/\/garniroberta.com\/#\/schema\/logo\/image\/","url":"https:\/\/garniroberta.com\/wp-content\/uploads\/2022\/03\/logo.png","contentUrl":"https:\/\/garniroberta.com\/wp-content\/uploads\/2022\/03\/logo.png","width":230,"height":130,"caption":"Hotel Garn\u00ec Roberta"},"image":{"@id":"https:\/\/garniroberta.com\/#\/schema\/logo\/image\/"}}]}},"_links":{"self":[{"href":"https:\/\/garniroberta.com\/de\/wp-json\/wp\/v2\/pages\/901","targetHints":{"allow":["GET"]}}],"collection":[{"href":"https:\/\/garniroberta.com\/de\/wp-json\/wp\/v2\/pages"}],"about":[{"href":"https:\/\/garniroberta.com\/de\/wp-json\/wp\/v2\/types\/page"}],"author":[{"embeddable":true,"href":"https:\/\/garniroberta.com\/de\/wp-json\/wp\/v2\/users\/1"}],"replies":[{"embeddable":true,"href":"https:\/\/garniroberta.com\/de\/wp-json\/wp\/v2\/comments?post=901"}],"version-history":[{"count":2,"href":"https:\/\/garniroberta.com\/de\/wp-json\/wp\/v2\/pages\/901\/revisions"}],"predecessor-version":[{"id":940,"href":"https:\/\/garniroberta.com\/de\/wp-json\/wp\/v2\/pages\/901\/revisions\/940"}],"up":[{"embeddable":true,"href":"https:\/\/garniroberta.com\/de\/wp-json\/wp\/v2\/pages\/899"}],"wp:attachment":[{"href":"https:\/\/garniroberta.com\/de\/wp-json\/wp\/v2\/media?parent=901"}],"curies":[{"name":"wp","href":"https:\/\/api.w.org\/{rel}","templated":true}]}}