{"id":899,"date":"2022-03-29T12:37:51","date_gmt":"2022-03-29T10:37:51","guid":{"rendered":"https:\/\/www.sviluppoarea38.it\/zimmer"},"modified":"2025-12-05T08:50:02","modified_gmt":"2025-12-05T07:50:02","slug":"zimmer","status":"publish","type":"page","link":"https:\/\/garniroberta.com\/de\/zimmer","title":{"rendered":"Zimmer"},"content":{"rendered":"\n<p>Unser kleines Hotel, umgeben von W\u00e4ldern und umarmed von der Marmolada, hat <b>nur 16 Zimmer<\/b>. Sie <b>riechen alle nach Holz<\/b> und wir haben daf\u00fcr gesorgt, dass sie die Umgebung mit <b>Raffinesse und Design<\/b> repr\u00e4sentieren, indem wir nat\u00fcrliche <b>Materialien<\/b> wie Kiefernholz,  klare Linien f\u00fcr die M\u00f6bel und Kopfteile gew\u00e4hlt haben, die an unsere Gipfel erinnern.<\/p>\n\n\n\n<p>Schlie\u00dfe deine Augen und atme den Berg; \u00f6ffne deine Augen und der selbe <b>Berg gibt dir einen guten Morgen von Balkonen und Fenstern.<\/b><\/p>\n","protected":false},"excerpt":{"rendered":"<p>Unser kleines Hotel, umgeben von W\u00e4ldern und umarmed von der Marmolada, hat nur 16 Zimmer. Sie riechen alle nach Holz und wir haben daf\u00fcr gesorgt, dass sie die Umgebung mit Raffinesse und Design repr\u00e4sentieren, indem wir nat\u00fcrliche Materialien wie Kiefernholz, klare Linien f\u00fcr die M\u00f6bel und Kopfteile gew\u00e4hlt haben, die an unsere Gipfel erinnern. Schlie\u00dfe &hellip;<\/p>\n","protected":false},"author":1,"featured_media":0,"parent":0,"menu_order":0,"comment_status":"closed","ping_status":"closed","template":"page-templates\/listing_camere.php","meta":{"_acf_changed":false,"inline_featured_image":false,"footnotes":""},"class_list":["post-899","page","type-page","status-publish","hentry"],"acf":[],"yoast_head":"<!-- This site is optimized with the Yoast SEO plugin v27.3 - https:\/\/yoast.com\/product\/yoast-seo-wordpress\/ -->\n<title>Hotelzimmer an der Dolomiten Marmolada | Hotel Garni Roberta<\/title>\n<meta name=\"description\" content=\"Doppel-, Dreibett-, Familien- und unabh\u00e4ngiges: Entdecken Sie den Komfort der Zimmer des Garni Roberta! Mit Panoramablick\" \/>\n<meta name=\"robots\" content=\"index, follow, max-snippet:-1, max-image-preview:large, max-video-preview:-1\" \/>\n<link rel=\"canonical\" href=\"https:\/\/garniroberta.com\/de\/zimmer\" \/>\n<meta property=\"og:locale\" content=\"de_DE\" \/>\n<meta property=\"og:type\" content=\"article\" \/>\n<meta property=\"og:title\" content=\"Hotelzimmer an der Dolomiten Marmolada | Hotel Garni Roberta\" \/>\n<meta property=\"og:description\" content=\"Doppel-, Dreibett-, Familien- und unabh\u00e4ngiges: Entdecken Sie den Komfort der Zimmer des Garni Roberta! Mit Panoramablick\" \/>\n<meta property=\"og:url\" content=\"https:\/\/garniroberta.com\/de\/zimmer\" \/>\n<meta property=\"og:site_name\" content=\"Hotel Garn\u00ec Roberta\" \/>\n<meta property=\"article:modified_time\" content=\"2025-12-05T07:50:02+00:00\" \/>\n<meta name=\"twitter:card\" content=\"summary_large_image\" \/>\n<meta name=\"twitter:label1\" content=\"Gesch\u00e4tzte Lesezeit\" \/>\n\t<meta name=\"twitter:data1\" content=\"1\u00a0Minute\" \/>\n<script type=\"application\/ld+json\" class=\"yoast-schema-graph\">{\"@context\":\"https:\\\/\\\/schema.org\",\"@graph\":[{\"@type\":\"WebPage\",\"@id\":\"https:\\\/\\\/garniroberta.com\\\/de\\\/zimmer\",\"url\":\"https:\\\/\\\/garniroberta.com\\\/de\\\/zimmer\",\"name\":\"Hotelzimmer an der Dolomiten Marmolada | Hotel Garni Roberta\",\"isPartOf\":{\"@id\":\"https:\\\/\\\/garniroberta.com\\\/#website\"},\"datePublished\":\"2022-03-29T10:37:51+00:00\",\"dateModified\":\"2025-12-05T07:50:02+00:00\",\"description\":\"Doppel-, Dreibett-, Familien- und unabh\u00e4ngiges: Entdecken Sie den Komfort der Zimmer des Garni Roberta! Mit Panoramablick\",\"breadcrumb\":{\"@id\":\"https:\\\/\\\/garniroberta.com\\\/de\\\/zimmer#breadcrumb\"},\"inLanguage\":\"de\",\"potentialAction\":[{\"@type\":\"ReadAction\",\"target\":[\"https:\\\/\\\/garniroberta.com\\\/de\\\/zimmer\"]}]},{\"@type\":\"BreadcrumbList\",\"@id\":\"https:\\\/\\\/garniroberta.com\\\/de\\\/zimmer#breadcrumb\",\"itemListElement\":[{\"@type\":\"ListItem\",\"position\":1,\"name\":\"Home\",\"item\":\"https:\\\/\\\/garniroberta.com\\\/de\"},{\"@type\":\"ListItem\",\"position\":2,\"name\":\"Zimmer\"}]},{\"@type\":\"WebSite\",\"@id\":\"https:\\\/\\\/garniroberta.com\\\/#website\",\"url\":\"https:\\\/\\\/garniroberta.com\\\/\",\"name\":\"Hotel Garn\u00ec Roberta\",\"description\":\"\",\"publisher\":{\"@id\":\"https:\\\/\\\/garniroberta.com\\\/#organization\"},\"potentialAction\":[{\"@type\":\"SearchAction\",\"target\":{\"@type\":\"EntryPoint\",\"urlTemplate\":\"https:\\\/\\\/garniroberta.com\\\/?s={search_term_string}\"},\"query-input\":{\"@type\":\"PropertyValueSpecification\",\"valueRequired\":true,\"valueName\":\"search_term_string\"}}],\"inLanguage\":\"de\"},{\"@type\":\"Organization\",\"@id\":\"https:\\\/\\\/garniroberta.com\\\/#organization\",\"name\":\"Hotel Garn\u00ec Roberta\",\"url\":\"https:\\\/\\\/garniroberta.com\\\/\",\"logo\":{\"@type\":\"ImageObject\",\"inLanguage\":\"de\",\"@id\":\"https:\\\/\\\/garniroberta.com\\\/#\\\/schema\\\/logo\\\/image\\\/\",\"url\":\"https:\\\/\\\/garniroberta.com\\\/wp-content\\\/uploads\\\/2022\\\/03\\\/logo.png\",\"contentUrl\":\"https:\\\/\\\/garniroberta.com\\\/wp-content\\\/uploads\\\/2022\\\/03\\\/logo.png\",\"width\":230,\"height\":130,\"caption\":\"Hotel Garn\u00ec Roberta\"},\"image\":{\"@id\":\"https:\\\/\\\/garniroberta.com\\\/#\\\/schema\\\/logo\\\/image\\\/\"}}]}<\/script>\n<!-- \/ Yoast SEO plugin. -->","yoast_head_json":{"title":"Hotelzimmer an der Dolomiten Marmolada | Hotel Garni Roberta","description":"Doppel-, Dreibett-, Familien- und unabh\u00e4ngiges: Entdecken Sie den Komfort der Zimmer des Garni Roberta! Mit Panoramablick","robots":{"index":"index","follow":"follow","max-snippet":"max-snippet:-1","max-image-preview":"max-image-preview:large","max-video-preview":"max-video-preview:-1"},"canonical":"https:\/\/garniroberta.com\/de\/zimmer","og_locale":"de_DE","og_type":"article","og_title":"Hotelzimmer an der Dolomiten Marmolada | Hotel Garni Roberta","og_description":"Doppel-, Dreibett-, Familien- und unabh\u00e4ngiges: Entdecken Sie den Komfort der Zimmer des Garni Roberta! Mit Panoramablick","og_url":"https:\/\/garniroberta.com\/de\/zimmer","og_site_name":"Hotel Garn\u00ec Roberta","article_modified_time":"2025-12-05T07:50:02+00:00","twitter_card":"summary_large_image","twitter_misc":{"Gesch\u00e4tzte Lesezeit":"1\u00a0Minute"},"schema":{"@context":"https:\/\/schema.org","@graph":[{"@type":"WebPage","@id":"https:\/\/garniroberta.com\/de\/zimmer","url":"https:\/\/garniroberta.com\/de\/zimmer","name":"Hotelzimmer an der Dolomiten Marmolada | Hotel Garni Roberta","isPartOf":{"@id":"https:\/\/garniroberta.com\/#website"},"datePublished":"2022-03-29T10:37:51+00:00","dateModified":"2025-12-05T07:50:02+00:00","description":"Doppel-, Dreibett-, Familien- und unabh\u00e4ngiges: Entdecken Sie den Komfort der Zimmer des Garni Roberta! Mit Panoramablick","breadcrumb":{"@id":"https:\/\/garniroberta.com\/de\/zimmer#breadcrumb"},"inLanguage":"de","potentialAction":[{"@type":"ReadAction","target":["https:\/\/garniroberta.com\/de\/zimmer"]}]},{"@type":"BreadcrumbList","@id":"https:\/\/garniroberta.com\/de\/zimmer#breadcrumb","itemListElement":[{"@type":"ListItem","position":1,"name":"Home","item":"https:\/\/garniroberta.com\/de"},{"@type":"ListItem","position":2,"name":"Zimmer"}]},{"@type":"WebSite","@id":"https:\/\/garniroberta.com\/#website","url":"https:\/\/garniroberta.com\/","name":"Hotel Garn\u00ec Roberta","description":"","publisher":{"@id":"https:\/\/garniroberta.com\/#organization"},"potentialAction":[{"@type":"SearchAction","target":{"@type":"EntryPoint","urlTemplate":"https:\/\/garniroberta.com\/?s={search_term_string}"},"query-input":{"@type":"PropertyValueSpecification","valueRequired":true,"valueName":"search_term_string"}}],"inLanguage":"de"},{"@type":"Organization","@id":"https:\/\/garniroberta.com\/#organization","name":"Hotel Garn\u00ec Roberta","url":"https:\/\/garniroberta.com\/","logo":{"@type":"ImageObject","inLanguage":"de","@id":"https:\/\/garniroberta.com\/#\/schema\/logo\/image\/","url":"https:\/\/garniroberta.com\/wp-content\/uploads\/2022\/03\/logo.png","contentUrl":"https:\/\/garniroberta.com\/wp-content\/uploads\/2022\/03\/logo.png","width":230,"height":130,"caption":"Hotel Garn\u00ec Roberta"},"image":{"@id":"https:\/\/garniroberta.com\/#\/schema\/logo\/image\/"}}]}},"_links":{"self":[{"href":"https:\/\/garniroberta.com\/de\/wp-json\/wp\/v2\/pages\/899","targetHints":{"allow":["GET"]}}],"collection":[{"href":"https:\/\/garniroberta.com\/de\/wp-json\/wp\/v2\/pages"}],"about":[{"href":"https:\/\/garniroberta.com\/de\/wp-json\/wp\/v2\/types\/page"}],"author":[{"embeddable":true,"href":"https:\/\/garniroberta.com\/de\/wp-json\/wp\/v2\/users\/1"}],"replies":[{"embeddable":true,"href":"https:\/\/garniroberta.com\/de\/wp-json\/wp\/v2\/comments?post=899"}],"version-history":[{"count":6,"href":"https:\/\/garniroberta.com\/de\/wp-json\/wp\/v2\/pages\/899\/revisions"}],"predecessor-version":[{"id":1222,"href":"https:\/\/garniroberta.com\/de\/wp-json\/wp\/v2\/pages\/899\/revisions\/1222"}],"wp:attachment":[{"href":"https:\/\/garniroberta.com\/de\/wp-json\/wp\/v2\/media?parent=899"}],"curies":[{"name":"wp","href":"https:\/\/api.w.org\/{rel}","templated":true}]}}