{"id":323,"date":"2022-03-21T13:48:17","date_gmt":"2022-03-21T12:48:17","guid":{"rendered":"https:\/\/www.sviluppoarea38.it\/?page_id=323"},"modified":"2025-12-05T09:06:04","modified_gmt":"2025-12-05T08:06:04","slug":"home","status":"publish","type":"page","link":"https:\/\/garniroberta.com\/de","title":{"rendered":"Home"},"content":{"rendered":"\n<p>&#8230;so wie wir sind, dass wir Berge in unserer Seele haben und diese gerne an unsere G\u00e4ste weitergeben, mit Leidenschaft, Bewusstsein und Respekt.<\/p>\n\n\n\n<p>Jede Jahreszeit macht die <strong>Dolomiten<\/strong> zu einer anderen Schatztruhe, aus der Emotionen und Erlebnisse gesch\u00f6pft werden. Im unser <strong>kleines Hotel<\/strong> umgeben von W\u00e4ldern <strong>am Fu\u00dfe der Marmolada<\/strong>, <strong>an den Skipisten und in der N\u00e4he der Loipen<\/strong>, das k\u00f6nnen Sie Erleben Sie einen Urlaub, der nach <strong>Natur<\/strong> riecht, von <strong>Stille<\/strong> widerhallt und den einfachen Geschmack von <strong>Echtheit<\/strong> hat.<\/p>\n","protected":false},"excerpt":{"rendered":"<p>&#8230;so wie wir sind, dass wir Berge in unserer Seele haben und diese gerne an unsere G\u00e4ste weitergeben, mit Leidenschaft, Bewusstsein und Respekt. Jede Jahreszeit macht die Dolomiten zu einer anderen Schatztruhe, aus der Emotionen und Erlebnisse gesch\u00f6pft werden. Im unser kleines Hotel umgeben von W\u00e4ldern am Fu\u00dfe der Marmolada, an den Skipisten und in &hellip;<\/p>\n","protected":false},"author":1,"featured_media":0,"parent":0,"menu_order":0,"comment_status":"closed","ping_status":"closed","template":"page-templates\/homepage.php","meta":{"_acf_changed":false,"inline_featured_image":false,"footnotes":""},"class_list":["post-323","page","type-page","status-publish","hentry"],"acf":[],"yoast_head":"<!-- This site is optimized with the Yoast SEO plugin v27.4 - https:\/\/yoast.com\/product\/yoast-seo-wordpress\/ -->\n<title>Hotel Garni Roberta | Hotel in den italienischen Dolomiten Marmolada<\/title>\n<meta name=\"description\" content=\"Das Hotel Garni Roberta liegt am Fu\u00dfe der Dolomiten in Malga Ciapela. \u00d6ko-Hotel, Spa- und Sportdienstleistungen, Bio-Fr\u00fchst\u00fcck\" \/>\n<meta name=\"robots\" content=\"index, follow, max-snippet:-1, max-image-preview:large, max-video-preview:-1\" \/>\n<link rel=\"canonical\" href=\"https:\/\/garniroberta.com\/de\" \/>\n<meta property=\"og:locale\" content=\"de_DE\" \/>\n<meta property=\"og:type\" content=\"article\" \/>\n<meta property=\"og:title\" content=\"Hotel Garni Roberta | Hotel in den italienischen Dolomiten Marmolada\" \/>\n<meta property=\"og:description\" content=\"Das Hotel Garni Roberta liegt am Fu\u00dfe der Dolomiten in Malga Ciapela. \u00d6ko-Hotel, Spa- und Sportdienstleistungen, Bio-Fr\u00fchst\u00fcck\" \/>\n<meta property=\"og:url\" content=\"https:\/\/garniroberta.com\/de\" \/>\n<meta property=\"og:site_name\" content=\"Hotel Garn\u00ec Roberta\" \/>\n<meta property=\"article:modified_time\" content=\"2025-12-05T08:06:04+00:00\" \/>\n<meta name=\"twitter:card\" content=\"summary_large_image\" \/>\n<meta name=\"twitter:label1\" content=\"Gesch\u00e4tzte Lesezeit\" \/>\n\t<meta name=\"twitter:data1\" content=\"1\u00a0Minute\" \/>\n<script type=\"application\/ld+json\" class=\"yoast-schema-graph\">{\"@context\":\"https:\\\/\\\/schema.org\",\"@graph\":[{\"@type\":\"WebPage\",\"@id\":\"https:\\\/\\\/garniroberta.com\\\/de\",\"url\":\"https:\\\/\\\/garniroberta.com\\\/de\",\"name\":\"Hotel Garni Roberta | Hotel in den italienischen Dolomiten Marmolada\",\"isPartOf\":{\"@id\":\"https:\\\/\\\/garniroberta.com\\\/#website\"},\"datePublished\":\"2022-03-21T12:48:17+00:00\",\"dateModified\":\"2025-12-05T08:06:04+00:00\",\"description\":\"Das Hotel Garni Roberta liegt am Fu\u00dfe der Dolomiten in Malga Ciapela. \u00d6ko-Hotel, Spa- und Sportdienstleistungen, Bio-Fr\u00fchst\u00fcck\",\"breadcrumb\":{\"@id\":\"https:\\\/\\\/garniroberta.com\\\/de#breadcrumb\"},\"inLanguage\":\"de\",\"potentialAction\":[{\"@type\":\"ReadAction\",\"target\":[\"https:\\\/\\\/garniroberta.com\\\/de\"]}]},{\"@type\":\"BreadcrumbList\",\"@id\":\"https:\\\/\\\/garniroberta.com\\\/de#breadcrumb\",\"itemListElement\":[{\"@type\":\"ListItem\",\"position\":1,\"name\":\"Home\",\"item\":\"https:\\\/\\\/garniroberta.com\\\/de\"},{\"@type\":\"ListItem\",\"position\":2,\"name\":\"Home\"}]},{\"@type\":\"WebSite\",\"@id\":\"https:\\\/\\\/garniroberta.com\\\/#website\",\"url\":\"https:\\\/\\\/garniroberta.com\\\/\",\"name\":\"Hotel Garn\u00ec Roberta\",\"description\":\"\",\"publisher\":{\"@id\":\"https:\\\/\\\/garniroberta.com\\\/#organization\"},\"potentialAction\":[{\"@type\":\"SearchAction\",\"target\":{\"@type\":\"EntryPoint\",\"urlTemplate\":\"https:\\\/\\\/garniroberta.com\\\/?s={search_term_string}\"},\"query-input\":{\"@type\":\"PropertyValueSpecification\",\"valueRequired\":true,\"valueName\":\"search_term_string\"}}],\"inLanguage\":\"de\"},{\"@type\":\"Organization\",\"@id\":\"https:\\\/\\\/garniroberta.com\\\/#organization\",\"name\":\"Hotel Garn\u00ec Roberta\",\"url\":\"https:\\\/\\\/garniroberta.com\\\/\",\"logo\":{\"@type\":\"ImageObject\",\"inLanguage\":\"de\",\"@id\":\"https:\\\/\\\/garniroberta.com\\\/#\\\/schema\\\/logo\\\/image\\\/\",\"url\":\"https:\\\/\\\/garniroberta.com\\\/wp-content\\\/uploads\\\/2022\\\/03\\\/logo.png\",\"contentUrl\":\"https:\\\/\\\/garniroberta.com\\\/wp-content\\\/uploads\\\/2022\\\/03\\\/logo.png\",\"width\":230,\"height\":130,\"caption\":\"Hotel Garn\u00ec Roberta\"},\"image\":{\"@id\":\"https:\\\/\\\/garniroberta.com\\\/#\\\/schema\\\/logo\\\/image\\\/\"}}]}<\/script>\n<!-- \/ Yoast SEO plugin. -->","yoast_head_json":{"title":"Hotel Garni Roberta | Hotel in den italienischen Dolomiten Marmolada","description":"Das Hotel Garni Roberta liegt am Fu\u00dfe der Dolomiten in Malga Ciapela. \u00d6ko-Hotel, Spa- und Sportdienstleistungen, Bio-Fr\u00fchst\u00fcck","robots":{"index":"index","follow":"follow","max-snippet":"max-snippet:-1","max-image-preview":"max-image-preview:large","max-video-preview":"max-video-preview:-1"},"canonical":"https:\/\/garniroberta.com\/de","og_locale":"de_DE","og_type":"article","og_title":"Hotel Garni Roberta | Hotel in den italienischen Dolomiten Marmolada","og_description":"Das Hotel Garni Roberta liegt am Fu\u00dfe der Dolomiten in Malga Ciapela. \u00d6ko-Hotel, Spa- und Sportdienstleistungen, Bio-Fr\u00fchst\u00fcck","og_url":"https:\/\/garniroberta.com\/de","og_site_name":"Hotel Garn\u00ec Roberta","article_modified_time":"2025-12-05T08:06:04+00:00","twitter_card":"summary_large_image","twitter_misc":{"Gesch\u00e4tzte Lesezeit":"1\u00a0Minute"},"schema":{"@context":"https:\/\/schema.org","@graph":[{"@type":"WebPage","@id":"https:\/\/garniroberta.com\/de","url":"https:\/\/garniroberta.com\/de","name":"Hotel Garni Roberta | Hotel in den italienischen Dolomiten Marmolada","isPartOf":{"@id":"https:\/\/garniroberta.com\/#website"},"datePublished":"2022-03-21T12:48:17+00:00","dateModified":"2025-12-05T08:06:04+00:00","description":"Das Hotel Garni Roberta liegt am Fu\u00dfe der Dolomiten in Malga Ciapela. \u00d6ko-Hotel, Spa- und Sportdienstleistungen, Bio-Fr\u00fchst\u00fcck","breadcrumb":{"@id":"https:\/\/garniroberta.com\/de#breadcrumb"},"inLanguage":"de","potentialAction":[{"@type":"ReadAction","target":["https:\/\/garniroberta.com\/de"]}]},{"@type":"BreadcrumbList","@id":"https:\/\/garniroberta.com\/de#breadcrumb","itemListElement":[{"@type":"ListItem","position":1,"name":"Home","item":"https:\/\/garniroberta.com\/de"},{"@type":"ListItem","position":2,"name":"Home"}]},{"@type":"WebSite","@id":"https:\/\/garniroberta.com\/#website","url":"https:\/\/garniroberta.com\/","name":"Hotel Garn\u00ec Roberta","description":"","publisher":{"@id":"https:\/\/garniroberta.com\/#organization"},"potentialAction":[{"@type":"SearchAction","target":{"@type":"EntryPoint","urlTemplate":"https:\/\/garniroberta.com\/?s={search_term_string}"},"query-input":{"@type":"PropertyValueSpecification","valueRequired":true,"valueName":"search_term_string"}}],"inLanguage":"de"},{"@type":"Organization","@id":"https:\/\/garniroberta.com\/#organization","name":"Hotel Garn\u00ec Roberta","url":"https:\/\/garniroberta.com\/","logo":{"@type":"ImageObject","inLanguage":"de","@id":"https:\/\/garniroberta.com\/#\/schema\/logo\/image\/","url":"https:\/\/garniroberta.com\/wp-content\/uploads\/2022\/03\/logo.png","contentUrl":"https:\/\/garniroberta.com\/wp-content\/uploads\/2022\/03\/logo.png","width":230,"height":130,"caption":"Hotel Garn\u00ec Roberta"},"image":{"@id":"https:\/\/garniroberta.com\/#\/schema\/logo\/image\/"}}]}},"_links":{"self":[{"href":"https:\/\/garniroberta.com\/de\/wp-json\/wp\/v2\/pages\/323","targetHints":{"allow":["GET"]}}],"collection":[{"href":"https:\/\/garniroberta.com\/de\/wp-json\/wp\/v2\/pages"}],"about":[{"href":"https:\/\/garniroberta.com\/de\/wp-json\/wp\/v2\/types\/page"}],"author":[{"embeddable":true,"href":"https:\/\/garniroberta.com\/de\/wp-json\/wp\/v2\/users\/1"}],"replies":[{"embeddable":true,"href":"https:\/\/garniroberta.com\/de\/wp-json\/wp\/v2\/comments?post=323"}],"version-history":[{"count":7,"href":"https:\/\/garniroberta.com\/de\/wp-json\/wp\/v2\/pages\/323\/revisions"}],"predecessor-version":[{"id":1227,"href":"https:\/\/garniroberta.com\/de\/wp-json\/wp\/v2\/pages\/323\/revisions\/1227"}],"wp:attachment":[{"href":"https:\/\/garniroberta.com\/de\/wp-json\/wp\/v2\/media?parent=323"}],"curies":[{"name":"wp","href":"https:\/\/api.w.org\/{rel}","templated":true}]}}