{"id":1218,"date":"2025-12-05T08:46:43","date_gmt":"2025-12-05T07:46:43","guid":{"rendered":"https:\/\/garniroberta.com\/?page_id=1218"},"modified":"2025-12-05T08:56:58","modified_gmt":"2025-12-05T07:56:58","slug":"gemuetliche-doppelzimmer","status":"publish","type":"page","link":"https:\/\/garniroberta.com\/de\/zimmer\/gemuetliche-doppelzimmer","title":{"rendered":"Gem\u00fctliche Doppelzimmer"},"content":{"rendered":"\n<p>Die Essenz und die W\u00e4rme der <strong>Holzeinrichtung<\/strong> reichen sich die Hand &#8211; vor der Kulisse des gr\u00fcnen Waldes und der imposanten Berge. Die <strong>Gem\u00fctlichen Doppelzimmer<\/strong> bieten\u00a0 alles, was Sie f\u00fcr einen Aufenthalt in engem Kontact mit der Natur ben\u00f5tigen: ein <strong>komfortables Fanz\u00f5sisches Bett (150 x 190 cm)<\/strong>, ein <strong>modernes Bad<\/strong>, die wohltuenden Holzessenzen und einen <strong>privaten Balkon<\/strong>, von dem aus Sie das Panorama bewundern k\u00f5nnen.<\/p>\n","protected":false},"excerpt":{"rendered":"<p>Die Essenz und die W\u00e4rme der Holzeinrichtung reichen sich die Hand &#8211; vor der Kulisse des gr\u00fcnen Waldes und der imposanten Berge. Die Gem\u00fctlichen Doppelzimmer bieten\u00a0 alles, was Sie f\u00fcr einen Aufenthalt in engem Kontact mit der Natur ben\u00f5tigen: ein komfortables Fanz\u00f5sisches Bett (150 x 190 cm), ein modernes Bad, die wohltuenden Holzessenzen und einen &hellip;<\/p>\n","protected":false},"author":1,"featured_media":0,"parent":899,"menu_order":0,"comment_status":"closed","ping_status":"closed","template":"page-templates\/dettaglio_camera.php","meta":{"_acf_changed":false,"inline_featured_image":false,"footnotes":""},"class_list":["post-1218","page","type-page","status-publish","hentry"],"acf":[],"yoast_head":"<!-- This site is optimized with the Yoast SEO plugin v27.3 - https:\/\/yoast.com\/product\/yoast-seo-wordpress\/ -->\n<title>Gem\u00fctliche Doppelzimmer - Hotel Garn\u00ec Roberta<\/title>\n<meta name=\"robots\" content=\"index, follow, max-snippet:-1, max-image-preview:large, max-video-preview:-1\" \/>\n<link rel=\"canonical\" href=\"https:\/\/garniroberta.com\/de\/zimmer\/gemuetliche-doppelzimmer\" \/>\n<meta property=\"og:locale\" content=\"de_DE\" \/>\n<meta property=\"og:type\" content=\"article\" \/>\n<meta property=\"og:title\" content=\"Gem\u00fctliche Doppelzimmer - Hotel Garn\u00ec Roberta\" \/>\n<meta property=\"og:description\" content=\"Die Essenz und die W\u00e4rme der Holzeinrichtung reichen sich die Hand &#8211; vor der Kulisse des gr\u00fcnen Waldes und der imposanten Berge. Die Gem\u00fctlichen Doppelzimmer bieten\u00a0 alles, was Sie f\u00fcr einen Aufenthalt in engem Kontact mit der Natur ben\u00f5tigen: ein komfortables Fanz\u00f5sisches Bett (150 x 190 cm), ein modernes Bad, die wohltuenden Holzessenzen und einen &hellip;\" \/>\n<meta property=\"og:url\" content=\"https:\/\/garniroberta.com\/de\/zimmer\/gemuetliche-doppelzimmer\" \/>\n<meta property=\"og:site_name\" content=\"Hotel Garn\u00ec Roberta\" \/>\n<meta property=\"article:modified_time\" content=\"2025-12-05T07:56:58+00:00\" \/>\n<meta name=\"twitter:card\" content=\"summary_large_image\" \/>\n<meta name=\"twitter:label1\" content=\"Gesch\u00e4tzte Lesezeit\" \/>\n\t<meta name=\"twitter:data1\" content=\"1\u00a0Minute\" \/>\n<script type=\"application\/ld+json\" class=\"yoast-schema-graph\">{\"@context\":\"https:\\\/\\\/schema.org\",\"@graph\":[{\"@type\":\"WebPage\",\"@id\":\"https:\\\/\\\/garniroberta.com\\\/de\\\/zimmer\\\/gemuetliche-doppelzimmer\",\"url\":\"https:\\\/\\\/garniroberta.com\\\/de\\\/zimmer\\\/gemuetliche-doppelzimmer\",\"name\":\"Gem\u00fctliche Doppelzimmer - Hotel Garn\u00ec Roberta\",\"isPartOf\":{\"@id\":\"https:\\\/\\\/garniroberta.com\\\/#website\"},\"datePublished\":\"2025-12-05T07:46:43+00:00\",\"dateModified\":\"2025-12-05T07:56:58+00:00\",\"breadcrumb\":{\"@id\":\"https:\\\/\\\/garniroberta.com\\\/de\\\/zimmer\\\/gemuetliche-doppelzimmer#breadcrumb\"},\"inLanguage\":\"de\",\"potentialAction\":[{\"@type\":\"ReadAction\",\"target\":[\"https:\\\/\\\/garniroberta.com\\\/de\\\/zimmer\\\/gemuetliche-doppelzimmer\"]}]},{\"@type\":\"BreadcrumbList\",\"@id\":\"https:\\\/\\\/garniroberta.com\\\/de\\\/zimmer\\\/gemuetliche-doppelzimmer#breadcrumb\",\"itemListElement\":[{\"@type\":\"ListItem\",\"position\":1,\"name\":\"Home\",\"item\":\"https:\\\/\\\/garniroberta.com\\\/de\"},{\"@type\":\"ListItem\",\"position\":2,\"name\":\"Zimmer\",\"item\":\"https:\\\/\\\/garniroberta.com\\\/de\\\/zimmer\"},{\"@type\":\"ListItem\",\"position\":3,\"name\":\"Gem\u00fctliche Doppelzimmer\"}]},{\"@type\":\"WebSite\",\"@id\":\"https:\\\/\\\/garniroberta.com\\\/#website\",\"url\":\"https:\\\/\\\/garniroberta.com\\\/\",\"name\":\"Hotel Garn\u00ec Roberta\",\"description\":\"\",\"publisher\":{\"@id\":\"https:\\\/\\\/garniroberta.com\\\/#organization\"},\"potentialAction\":[{\"@type\":\"SearchAction\",\"target\":{\"@type\":\"EntryPoint\",\"urlTemplate\":\"https:\\\/\\\/garniroberta.com\\\/?s={search_term_string}\"},\"query-input\":{\"@type\":\"PropertyValueSpecification\",\"valueRequired\":true,\"valueName\":\"search_term_string\"}}],\"inLanguage\":\"de\"},{\"@type\":\"Organization\",\"@id\":\"https:\\\/\\\/garniroberta.com\\\/#organization\",\"name\":\"Hotel Garn\u00ec Roberta\",\"url\":\"https:\\\/\\\/garniroberta.com\\\/\",\"logo\":{\"@type\":\"ImageObject\",\"inLanguage\":\"de\",\"@id\":\"https:\\\/\\\/garniroberta.com\\\/#\\\/schema\\\/logo\\\/image\\\/\",\"url\":\"https:\\\/\\\/garniroberta.com\\\/wp-content\\\/uploads\\\/2022\\\/03\\\/logo.png\",\"contentUrl\":\"https:\\\/\\\/garniroberta.com\\\/wp-content\\\/uploads\\\/2022\\\/03\\\/logo.png\",\"width\":230,\"height\":130,\"caption\":\"Hotel Garn\u00ec Roberta\"},\"image\":{\"@id\":\"https:\\\/\\\/garniroberta.com\\\/#\\\/schema\\\/logo\\\/image\\\/\"}}]}<\/script>\n<!-- \/ Yoast SEO plugin. -->","yoast_head_json":{"title":"Gem\u00fctliche Doppelzimmer - Hotel Garn\u00ec Roberta","robots":{"index":"index","follow":"follow","max-snippet":"max-snippet:-1","max-image-preview":"max-image-preview:large","max-video-preview":"max-video-preview:-1"},"canonical":"https:\/\/garniroberta.com\/de\/zimmer\/gemuetliche-doppelzimmer","og_locale":"de_DE","og_type":"article","og_title":"Gem\u00fctliche Doppelzimmer - Hotel Garn\u00ec Roberta","og_description":"Die Essenz und die W\u00e4rme der Holzeinrichtung reichen sich die Hand &#8211; vor der Kulisse des gr\u00fcnen Waldes und der imposanten Berge. Die Gem\u00fctlichen Doppelzimmer bieten\u00a0 alles, was Sie f\u00fcr einen Aufenthalt in engem Kontact mit der Natur ben\u00f5tigen: ein komfortables Fanz\u00f5sisches Bett (150 x 190 cm), ein modernes Bad, die wohltuenden Holzessenzen und einen &hellip;","og_url":"https:\/\/garniroberta.com\/de\/zimmer\/gemuetliche-doppelzimmer","og_site_name":"Hotel Garn\u00ec Roberta","article_modified_time":"2025-12-05T07:56:58+00:00","twitter_card":"summary_large_image","twitter_misc":{"Gesch\u00e4tzte Lesezeit":"1\u00a0Minute"},"schema":{"@context":"https:\/\/schema.org","@graph":[{"@type":"WebPage","@id":"https:\/\/garniroberta.com\/de\/zimmer\/gemuetliche-doppelzimmer","url":"https:\/\/garniroberta.com\/de\/zimmer\/gemuetliche-doppelzimmer","name":"Gem\u00fctliche Doppelzimmer - Hotel Garn\u00ec Roberta","isPartOf":{"@id":"https:\/\/garniroberta.com\/#website"},"datePublished":"2025-12-05T07:46:43+00:00","dateModified":"2025-12-05T07:56:58+00:00","breadcrumb":{"@id":"https:\/\/garniroberta.com\/de\/zimmer\/gemuetliche-doppelzimmer#breadcrumb"},"inLanguage":"de","potentialAction":[{"@type":"ReadAction","target":["https:\/\/garniroberta.com\/de\/zimmer\/gemuetliche-doppelzimmer"]}]},{"@type":"BreadcrumbList","@id":"https:\/\/garniroberta.com\/de\/zimmer\/gemuetliche-doppelzimmer#breadcrumb","itemListElement":[{"@type":"ListItem","position":1,"name":"Home","item":"https:\/\/garniroberta.com\/de"},{"@type":"ListItem","position":2,"name":"Zimmer","item":"https:\/\/garniroberta.com\/de\/zimmer"},{"@type":"ListItem","position":3,"name":"Gem\u00fctliche Doppelzimmer"}]},{"@type":"WebSite","@id":"https:\/\/garniroberta.com\/#website","url":"https:\/\/garniroberta.com\/","name":"Hotel Garn\u00ec Roberta","description":"","publisher":{"@id":"https:\/\/garniroberta.com\/#organization"},"potentialAction":[{"@type":"SearchAction","target":{"@type":"EntryPoint","urlTemplate":"https:\/\/garniroberta.com\/?s={search_term_string}"},"query-input":{"@type":"PropertyValueSpecification","valueRequired":true,"valueName":"search_term_string"}}],"inLanguage":"de"},{"@type":"Organization","@id":"https:\/\/garniroberta.com\/#organization","name":"Hotel Garn\u00ec Roberta","url":"https:\/\/garniroberta.com\/","logo":{"@type":"ImageObject","inLanguage":"de","@id":"https:\/\/garniroberta.com\/#\/schema\/logo\/image\/","url":"https:\/\/garniroberta.com\/wp-content\/uploads\/2022\/03\/logo.png","contentUrl":"https:\/\/garniroberta.com\/wp-content\/uploads\/2022\/03\/logo.png","width":230,"height":130,"caption":"Hotel Garn\u00ec Roberta"},"image":{"@id":"https:\/\/garniroberta.com\/#\/schema\/logo\/image\/"}}]}},"_links":{"self":[{"href":"https:\/\/garniroberta.com\/de\/wp-json\/wp\/v2\/pages\/1218","targetHints":{"allow":["GET"]}}],"collection":[{"href":"https:\/\/garniroberta.com\/de\/wp-json\/wp\/v2\/pages"}],"about":[{"href":"https:\/\/garniroberta.com\/de\/wp-json\/wp\/v2\/types\/page"}],"author":[{"embeddable":true,"href":"https:\/\/garniroberta.com\/de\/wp-json\/wp\/v2\/users\/1"}],"replies":[{"embeddable":true,"href":"https:\/\/garniroberta.com\/de\/wp-json\/wp\/v2\/comments?post=1218"}],"version-history":[{"count":3,"href":"https:\/\/garniroberta.com\/de\/wp-json\/wp\/v2\/pages\/1218\/revisions"}],"predecessor-version":[{"id":1224,"href":"https:\/\/garniroberta.com\/de\/wp-json\/wp\/v2\/pages\/1218\/revisions\/1224"}],"up":[{"embeddable":true,"href":"https:\/\/garniroberta.com\/de\/wp-json\/wp\/v2\/pages\/899"}],"wp:attachment":[{"href":"https:\/\/garniroberta.com\/de\/wp-json\/wp\/v2\/media?parent=1218"}],"curies":[{"name":"wp","href":"https:\/\/api.w.org\/{rel}","templated":true}]}}